{"id":897,"date":"2016-04-22T17:41:56","date_gmt":"2016-04-22T17:41:56","guid":{"rendered":"https:\/\/christinamiller.ca.php56-22.dfw3-2.websitetestlink.com\/?page_id=897&#038;lang=fr"},"modified":"2025-04-08T14:13:01","modified_gmt":"2025-04-08T14:13:01","slug":"a-propos-de-nous","status":"publish","type":"page","link":"https:\/\/christinamiller.ca\/fr\/a-propos-de-nous\/","title":{"rendered":"\u00e0 propos de nous"},"content":{"rendered":"<p><strong>Le Miller Group Christina<\/strong><br \/>\nNous sommes avec vous de la recherche \u00e0 la signature.<\/p>\n<p><strong>Notre mission<\/strong><br \/>\nAu Real Estate Group Christina Miller notre mission est tr\u00e8s simple : Nous sommes ici pour vous assurer que vous avez une exp\u00e9rience immobili\u00e8re cinq \u00e9toiles.<\/p>\n<p>Une rencontre avec nous et vous reconna\u00eetra que nous sommes \u00e0 l&rsquo;oppos\u00e9 absolu de vendeurs agressifs juste essayer de fermer une autre affaire. Au contraire , nous sommes des agents des services complets qui fournissent constamment le plus haut niveau de service \u00e0 la client\u00e8le , l&rsquo;int\u00e9grit\u00e9 et l&rsquo;expertise du march\u00e9 . Notre service de conciergerie de style jumel\u00e9 avec notre approche amicale permet de vous d\u00e9tendre et profiter de votre prochain d\u00e9m\u00e9nagement.<\/p>\n<p>Nous sommes fiers de d\u00e9velopper des relations \u00e0 long terme et rien ne nous donne plus de plaisir que la fa\u00e7on dont nous sommes constamment r\u00e9compens\u00e9s avec les entreprises r\u00e9p\u00e9tition et d&rsquo;aiguillage.<\/p>\n<p><center><iframe loading=\"lazy\" src=\"https:\/\/www.youtube.com\/embed\/35ntLGO8_Jg\" width=\"560\" height=\"315\" frameborder=\"0\" allowfullscreen=\"allowfullscreen\"><\/iframe><\/center>&nbsp;<\/p>\n<p><center><strong><a href=\"https:\/\/christinamiller.ca\/fr\/notre-equipe\/?lang=fr\">\u00c0 propos de l\u2019\u00e9quipe<\/a><\/strong><\/center><center><img loading=\"lazy\" decoding=\"async\" class=\"alignnone wp-image-5204 size-full\" src=\"\/wp-content\/uploads\/2025\/04\/Team-Picture-1-2025-April.png\" alt=\"\" width=\"2377\" height=\"979\" data-id=\"685\" srcset=\"\/wp-content\/uploads\/2025\/04\/Team-Picture-1-2025-April.png 2377w, \/wp-content\/uploads\/2025\/04\/Team-Picture-1-2025-April-300x124.png 300w, \/wp-content\/uploads\/2025\/04\/Team-Picture-1-2025-April-1024x422.png 1024w, \/wp-content\/uploads\/2025\/04\/Team-Picture-1-2025-April-768x316.png 768w, \/wp-content\/uploads\/2025\/04\/Team-Picture-1-2025-April-1536x633.png 1536w, \/wp-content\/uploads\/2025\/04\/Team-Picture-1-2025-April-2048x843.png 2048w, \/wp-content\/uploads\/2025\/04\/Team-Picture-1-2025-April-1060x437.png 1060w\" sizes=\"(max-width: 2377px) 100vw, 2377px\" \/><\/center><center><\/center><center><script type=\"text\/javascript\">var gform;gform||(document.addEventListener(\"gform_main_scripts_loaded\",function(){gform.scriptsLoaded=!0}),window.addEventListener(\"DOMContentLoaded\",function(){gform.domLoaded=!0}),gform={domLoaded:!1,scriptsLoaded:!1,initializeOnLoaded:function(o){gform.domLoaded&&gform.scriptsLoaded?o():!gform.domLoaded&&gform.scriptsLoaded?window.addEventListener(\"DOMContentLoaded\",o):document.addEventListener(\"gform_main_scripts_loaded\",o)},hooks:{action:{},filter:{}},addAction:function(o,n,r,t){gform.addHook(\"action\",o,n,r,t)},addFilter:function(o,n,r,t){gform.addHook(\"filter\",o,n,r,t)},doAction:function(o){gform.doHook(\"action\",o,arguments)},applyFilters:function(o){return gform.doHook(\"filter\",o,arguments)},removeAction:function(o,n){gform.removeHook(\"action\",o,n)},removeFilter:function(o,n,r){gform.removeHook(\"filter\",o,n,r)},addHook:function(o,n,r,t,i){null==gform.hooks[o][n]&&(gform.hooks[o][n]=[]);var e=gform.hooks[o][n];null==i&&(i=n+\"_\"+e.length),gform.hooks[o][n].push({tag:i,callable:r,priority:t=null==t?10:t})},doHook:function(n,o,r){var t;if(r=Array.prototype.slice.call(r,1),null!=gform.hooks[n][o]&&((o=gform.hooks[n][o]).sort(function(o,n){return o.priority-n.priority}),o.forEach(function(o){\"function\"!=typeof(t=o.callable)&&(t=window[t]),\"action\"==n?t.apply(null,r):r[0]=t.apply(null,r)})),\"filter\"==n)return r[0]},removeHook:function(o,n,t,i){var r;null!=gform.hooks[o][n]&&(r=(r=gform.hooks[o][n]).filter(function(o,n,r){return!!(null!=i&&i!=o.tag||null!=t&&t!=o.priority)}),gform.hooks[o][n]=r)}});<\/script>\n                <div class='gf_browser_gecko gform_wrapper gform_legacy_markup_wrapper gform-theme--no-framework' data-form-theme='legacy' data-form-index='0' id='gform_wrapper_8' >\n                        <div class='gform_heading'>\n                            <h3 class=\"gform_title\">Book An Appointment Now<\/h3>\n                            <p class='gform_description'><\/p>\n                        <\/div><form method='post' enctype='multipart\/form-data'  id='gform_8'  action='\/fr\/wp-json\/wp\/v2\/pages\/897' data-formid='8' novalidate>\n                        <div class='gform-body gform_body'><ul id='gform_fields_8' class='gform_fields top_label form_sublabel_below description_below validation_below'><li id=\"field_8_1\" class=\"gfield gfield--type-name gfield--input-type-name field_sublabel_below gfield--no-description field_description_below field_validation_below gfield_visibility_visible\"  data-js-reload=\"field_8_1\" ><label class='gfield_label gform-field-label gfield_label_before_complex' >Name<\/label><div class='ginput_complex ginput_container ginput_container--name no_prefix has_first_name no_middle_name has_last_name no_suffix gf_name_has_2 ginput_container_name gform-grid-row' id='input_8_1'>\n                            \n                            <span id='input_8_1_3_container' class='name_first gform-grid-col gform-grid-col--size-auto' >\n                                                    <input type='text' name='input_1.3' id='input_8_1_3' value=''   aria-required='false'     \/>\n                                                    <label for='input_8_1_3' class='gform-field-label gform-field-label--type-sub '>Pr\u00e9nom<\/label>\n                                                <\/span>\n                            \n                            <span id='input_8_1_6_container' class='name_last gform-grid-col gform-grid-col--size-auto' >\n                                                    <input type='text' name='input_1.6' id='input_8_1_6' value=''   aria-required='false'     \/>\n                                                    <label for='input_8_1_6' class='gform-field-label gform-field-label--type-sub '>Nom<\/label>\n                                                <\/span>\n                            \n                        <\/div><\/li><li id=\"field_8_2\" class=\"gfield gfield--type-email gfield--input-type-email field_sublabel_below gfield--no-description field_description_below field_validation_below gfield_visibility_visible\"  data-js-reload=\"field_8_2\" ><label class='gfield_label gform-field-label' for='input_8_2'>Email<\/label><div class='ginput_container ginput_container_email'>\n                            <input name='input_2' id='input_8_2' type='email' value='' class='medium'     aria-invalid=\"false\"  \/>\n                        <\/div><\/li><li id=\"field_8_3\" class=\"gfield gfield--type-phone gfield--input-type-phone field_sublabel_below gfield--no-description field_description_below field_validation_below gfield_visibility_visible\"  data-js-reload=\"field_8_3\" ><label class='gfield_label gform-field-label' for='input_8_3'>Phone<\/label><div class='ginput_container ginput_container_phone'><input name='input_3' id='input_8_3' type='tel' value='' class='medium'    aria-invalid=\"false\"   \/><\/div><\/li><li id=\"field_8_6\" class=\"gfield gfield--type-textarea gfield--input-type-textarea field_sublabel_below gfield--no-description field_description_below field_validation_below gfield_visibility_visible\"  data-js-reload=\"field_8_6\" ><label class='gfield_label gform-field-label' for='input_8_6'>Comment<\/label><div class='ginput_container ginput_container_textarea'><textarea name='input_6' id='input_8_6' class='textarea medium'      aria-invalid=\"false\"   rows='10' cols='50'><\/textarea><\/div><\/li><li id=\"field_8_8\" class=\"gfield gfield--type-consent gfield--type-choice gfield--input-type-consent gfield--width-full field_sublabel_below gfield--has-description field_description_below field_validation_below gfield_visibility_visible\"  data-js-reload=\"field_8_8\" ><label class='gfield_label gform-field-label gfield_label_before_complex' >Consent<\/label><div class='ginput_container ginput_container_consent'><input name='input_8.1' id='input_8_8_1' type='checkbox' value='1'  aria-describedby=\"gfield_consent_description_8_8\"  aria-invalid=\"false\"   \/> <label class=\"gform-field-label gform-field-label--type-inline gfield_consent_label\" for='input_8_8_1' >I agree to the terms of service:<\/label><input type='hidden' name='input_8.2' value='I agree to the terms of service:' class='gform_hidden' \/><input type='hidden' name='input_8.3' value='7' class='gform_hidden' \/><\/div><div class='gfield_description gfield_consent_description' id='gfield_consent_description_8_8'>I agree to receive marketing and customer service calls and text messages from Christina Miller Real Estate Group. Consent is not a condition of purchase. Msg\/data rates may apply. Msg frequency varies. Reply STOP to unsubscribe. <a href=\"https:\/\/christinamiller.ca\/privacy-policy\/\"><b>Privacy Policy & Terms of Service<\/b><\/a>.<\/div><\/li><li id=\"field_8_7\" class=\"gfield gfield--type-captcha gfield--input-type-captcha field_sublabel_below gfield--no-description field_description_below field_validation_below gfield_visibility_visible\"  data-js-reload=\"field_8_7\" ><label class='gfield_label gform-field-label' for='input_8_7'>CAPTCHA<\/label><div id='input_8_7' class='ginput_container ginput_recaptcha' data-sitekey='6LcN9s0UAAAAAG82erN_7nXoM5MiN71biQk1Uwdq'  data-theme='light' data-tabindex='0'  data-badge=''><\/div><\/li><li id=\"field_8_5\" class=\"gfield gfield--type-section gfield--input-type-section gsection field_sublabel_below gfield--no-description field_description_below field_validation_below gfield_visibility_visible\"  data-js-reload=\"field_8_5\" ><h2 class=\"gsection_title\"><\/h2><\/li><\/ul><\/div>\n        <div class='gform_footer top_label'> <input type='submit' id='gform_submit_button_8' class='gform_button button' value='Submit'  onclick='if(window[\"gf_submitting_8\"]){return false;}  if( !jQuery(\"#gform_8\")[0].checkValidity || jQuery(\"#gform_8\")[0].checkValidity()){window[\"gf_submitting_8\"]=true;}  ' onkeypress='if( event.keyCode == 13 ){ if(window[\"gf_submitting_8\"]){return false;} if( !jQuery(\"#gform_8\")[0].checkValidity || jQuery(\"#gform_8\")[0].checkValidity()){window[\"gf_submitting_8\"]=true;}  jQuery(\"#gform_8\").trigger(\"submit\",[true]); }' \/> \n            <input type='hidden' class='gform_hidden' name='is_submit_8' value='1' \/>\n            <input type='hidden' class='gform_hidden' name='gform_submit' value='8' \/>\n            \n            <input type='hidden' class='gform_hidden' name='gform_unique_id' value='' \/>\n            <input type='hidden' class='gform_hidden' name='state_8' value='WyJ7XCI4LjFcIjpcIjQ0NmRiNjQzNDJhODY2ODY2ZWRkYWY4YTcwNzI1MTIxXCIsXCI4LjJcIjpcImJjNWVkNjYyODBjYjYzYjRmMDcxMTY5NDg1NGQwNzY0XCIsXCI4LjNcIjpcImE4YjkwNWM2MmM1NDE4OGRjNDYyZTU4ZmZkNzcwNzk1XCJ9IiwiNmY1ODdhZTMxNTljMmYwYjI4NDMzNDYwN2Y2YmZlN2EiXQ==' \/>\n            <input type='hidden' class='gform_hidden' name='gform_target_page_number_8' id='gform_target_page_number_8' value='0' \/>\n            <input type='hidden' class='gform_hidden' name='gform_source_page_number_8' id='gform_source_page_number_8' value='1' \/>\n            <input type='hidden' name='gform_field_values' value='' \/>\n            \n        <\/div>\n                        <\/form>\n                        <\/div><script type=\"text\/javascript\">\n\/* <![CDATA[ *\/\n gform.initializeOnLoaded( function() {gformInitSpinner( 8, '\/wp-content\/plugins\/gravityforms\/images\/spinner.svg', true );jQuery('#gform_ajax_frame_8').on('load',function(){var contents = jQuery(this).contents().find('*').html();var is_postback = contents.indexOf('GF_AJAX_POSTBACK') >= 0;if(!is_postback){return;}var form_content = jQuery(this).contents().find('#gform_wrapper_8');var is_confirmation = jQuery(this).contents().find('#gform_confirmation_wrapper_8').length > 0;var is_redirect = contents.indexOf('gformRedirect(){') >= 0;var is_form = form_content.length > 0 && ! is_redirect && ! is_confirmation;var mt = parseInt(jQuery('html').css('margin-top'), 10) + parseInt(jQuery('body').css('margin-top'), 10) + 100;if(is_form){jQuery('#gform_wrapper_8').html(form_content.html());if(form_content.hasClass('gform_validation_error')){jQuery('#gform_wrapper_8').addClass('gform_validation_error');} else {jQuery('#gform_wrapper_8').removeClass('gform_validation_error');}setTimeout( function() { \/* delay the scroll by 50 milliseconds to fix a bug in chrome *\/  }, 50 );if(window['gformInitDatepicker']) {gformInitDatepicker();}if(window['gformInitPriceFields']) {gformInitPriceFields();}var current_page = jQuery('#gform_source_page_number_8').val();gformInitSpinner( 8, '\/wp-content\/plugins\/gravityforms\/images\/spinner.svg', true );jQuery(document).trigger('gform_page_loaded', [8, current_page]);window['gf_submitting_8'] = false;}else if(!is_redirect){var confirmation_content = jQuery(this).contents().find('.GF_AJAX_POSTBACK').html();if(!confirmation_content){confirmation_content = contents;}jQuery('#gform_wrapper_8').replaceWith(confirmation_content);jQuery(document).trigger('gform_confirmation_loaded', [8]);window['gf_submitting_8'] = false;wp.a11y.speak(jQuery('#gform_confirmation_message_8').text());}else{jQuery('#gform_8').append(contents);if(window['gformRedirect']) {gformRedirect();}}jQuery(document).trigger(\"gform_pre_post_render\", [{ formId: \"8\", currentPage: \"current_page\", abort: function() { this.preventDefault(); } }]);                if (event && event.defaultPrevented) {                return;         }        const gformWrapperDiv = document.getElementById( \"gform_wrapper_8\" );        if ( gformWrapperDiv ) {            const visibilitySpan = document.createElement( \"span\" );            visibilitySpan.id = \"gform_visibility_test_8\";            gformWrapperDiv.insertAdjacentElement( \"afterend\", visibilitySpan );        }        const visibilityTestDiv = document.getElementById( \"gform_visibility_test_8\" );        let postRenderFired = false;                function triggerPostRender() {            if ( postRenderFired ) {                return;            }            postRenderFired = true;            jQuery( document ).trigger( 'gform_post_render', [8, current_page] );            gform.utils.trigger( { event: 'gform\/postRender', native: false, data: { formId: 8, currentPage: current_page } } );            if ( visibilityTestDiv ) {                visibilityTestDiv.parentNode.removeChild( visibilityTestDiv );            }        }        function debounce( func, wait, immediate ) {            var timeout;            return function() {                var context = this, args = arguments;                var later = function() {                    timeout = null;                    if ( !immediate ) func.apply( context, args );                };                var callNow = immediate && !timeout;                clearTimeout( timeout );                timeout = setTimeout( later, wait );                if ( callNow ) func.apply( context, args );            };        }        const debouncedTriggerPostRender = debounce( function() {            triggerPostRender();        }, 200 );        if ( visibilityTestDiv && visibilityTestDiv.offsetParent === null ) {            const observer = new MutationObserver( ( mutations ) => {                mutations.forEach( ( mutation ) => {                    if ( mutation.type === 'attributes' && visibilityTestDiv.offsetParent !== null ) {                        debouncedTriggerPostRender();                        observer.disconnect();                    }                });            });            observer.observe( document.body, {                attributes: true,                childList: false,                subtree: true,                attributeFilter: [ 'style', 'class' ],            });        } else {            triggerPostRender();        }    } );} ); \n\/* ]]> *\/\n<\/script>\n<\/center><\/p>\n","protected":false},"excerpt":{"rendered":"<p>Le Miller Group Christina Nous sommes avec vous de la recherche \u00e0 la signature. Notre mission Au Real Estate Group Christina Miller notre mission est tr\u00e8s simple : Nous sommes ici pour vous assurer que vous avez une exp\u00e9rience immobili\u00e8re cinq \u00e9toiles. Une rencontre avec nous et vous reconna\u00eetra que nous sommes \u00e0 l&rsquo;oppos\u00e9 absolu [&hellip;]<\/p>\n","protected":false},"author":1,"featured_media":0,"parent":0,"menu_order":0,"comment_status":"closed","ping_status":"closed","template":"","meta":{"_acf_changed":false,"content-type":"","_genesis_hide_title":false,"_genesis_hide_breadcrumbs":false,"_genesis_hide_singular_image":false,"_genesis_hide_footer_widgets":false,"_genesis_custom_body_class":"","_genesis_custom_post_class":"","_genesis_layout":"content-sidebar","footnotes":""},"class_list":{"0":"post-897","1":"page","2":"type-page","3":"status-publish","5":"entry"},"acf":[],"yoast_head":"<!-- This site is optimized with the Yoast SEO plugin v23.2 - https:\/\/yoast.com\/wordpress\/plugins\/seo\/ -->\n<title>\u00e0 propos de nous - Christina Miller<\/title>\n<meta name=\"robots\" content=\"index, follow, max-snippet:-1, max-image-preview:large, max-video-preview:-1\" \/>\n<link rel=\"canonical\" href=\"https:\/\/christinamiller.ca\/about-us-cm\/\" \/>\n<meta property=\"og:locale\" content=\"fr_FR\" \/>\n<meta property=\"og:type\" content=\"article\" \/>\n<meta property=\"og:title\" content=\"\u00e0 propos de nous - Christina Miller\" \/>\n<meta property=\"og:description\" content=\"Le Miller Group Christina Nous sommes avec vous de la recherche \u00e0 la signature. Notre mission Au Real Estate Group Christina Miller notre mission est tr\u00e8s simple : Nous sommes ici pour vous assurer que vous avez une exp\u00e9rience immobili\u00e8re cinq \u00e9toiles. Une rencontre avec nous et vous reconna\u00eetra que nous sommes \u00e0 l&rsquo;oppos\u00e9 absolu [&hellip;]\" \/>\n<meta property=\"og:url\" content=\"https:\/\/christinamiller.ca\/about-us-cm\/\" \/>\n<meta property=\"og:site_name\" content=\"Christina Miller\" \/>\n<meta property=\"article:modified_time\" content=\"2025-04-08T14:13:01+00:00\" \/>\n<meta name=\"twitter:card\" content=\"summary_large_image\" \/>\n<meta name=\"twitter:label1\" content=\"Dur\u00e9e de lecture estim\u00e9e\" \/>\n\t<meta name=\"twitter:data1\" content=\"1 minute\" \/>\n<script type=\"application\/ld+json\" class=\"yoast-schema-graph\">{\"@context\":\"https:\/\/schema.org\",\"@graph\":[{\"@type\":\"WebPage\",\"@id\":\"https:\/\/christinamiller.ca\/about-us-cm\/\",\"url\":\"https:\/\/christinamiller.ca\/about-us-cm\/\",\"name\":\"\u00e0 propos de nous - Christina Miller\",\"isPartOf\":{\"@id\":\"https:\/\/christinamiller.ca\/#website\"},\"datePublished\":\"2016-04-22T17:41:56+00:00\",\"dateModified\":\"2025-04-08T14:13:01+00:00\",\"breadcrumb\":{\"@id\":\"https:\/\/christinamiller.ca\/about-us-cm\/#breadcrumb\"},\"inLanguage\":\"fr-FR\",\"potentialAction\":[{\"@type\":\"ReadAction\",\"target\":[\"https:\/\/christinamiller.ca\/about-us-cm\/\"]}]},{\"@type\":\"BreadcrumbList\",\"@id\":\"https:\/\/christinamiller.ca\/about-us-cm\/#breadcrumb\",\"itemListElement\":[{\"@type\":\"ListItem\",\"position\":1,\"name\":\"Home\",\"item\":\"https:\/\/christinamiller.ca\/fr\/\"},{\"@type\":\"ListItem\",\"position\":2,\"name\":\"\u00e0 propos de nous\"}]},{\"@type\":\"WebSite\",\"@id\":\"https:\/\/christinamiller.ca\/#website\",\"url\":\"https:\/\/christinamiller.ca\/\",\"name\":\"Christina Miller\",\"description\":\"Certified Real Estate Broker\",\"potentialAction\":[{\"@type\":\"SearchAction\",\"target\":{\"@type\":\"EntryPoint\",\"urlTemplate\":\"https:\/\/christinamiller.ca\/?s={search_term_string}\"},\"query-input\":\"required name=search_term_string\"}],\"inLanguage\":\"fr-FR\"}]}<\/script>\n<!-- \/ Yoast SEO plugin. -->","yoast_head_json":{"title":"\u00e0 propos de nous - Christina Miller","robots":{"index":"index","follow":"follow","max-snippet":"max-snippet:-1","max-image-preview":"max-image-preview:large","max-video-preview":"max-video-preview:-1"},"canonical":"https:\/\/christinamiller.ca\/about-us-cm\/","og_locale":"fr_FR","og_type":"article","og_title":"\u00e0 propos de nous - Christina Miller","og_description":"Le Miller Group Christina Nous sommes avec vous de la recherche \u00e0 la signature. Notre mission Au Real Estate Group Christina Miller notre mission est tr\u00e8s simple : Nous sommes ici pour vous assurer que vous avez une exp\u00e9rience immobili\u00e8re cinq \u00e9toiles. Une rencontre avec nous et vous reconna\u00eetra que nous sommes \u00e0 l&rsquo;oppos\u00e9 absolu [&hellip;]","og_url":"https:\/\/christinamiller.ca\/about-us-cm\/","og_site_name":"Christina Miller","article_modified_time":"2025-04-08T14:13:01+00:00","twitter_card":"summary_large_image","twitter_misc":{"Dur\u00e9e de lecture estim\u00e9e":"1 minute"},"schema":{"@context":"https:\/\/schema.org","@graph":[{"@type":"WebPage","@id":"https:\/\/christinamiller.ca\/about-us-cm\/","url":"https:\/\/christinamiller.ca\/about-us-cm\/","name":"\u00e0 propos de nous - Christina Miller","isPartOf":{"@id":"https:\/\/christinamiller.ca\/#website"},"datePublished":"2016-04-22T17:41:56+00:00","dateModified":"2025-04-08T14:13:01+00:00","breadcrumb":{"@id":"https:\/\/christinamiller.ca\/about-us-cm\/#breadcrumb"},"inLanguage":"fr-FR","potentialAction":[{"@type":"ReadAction","target":["https:\/\/christinamiller.ca\/about-us-cm\/"]}]},{"@type":"BreadcrumbList","@id":"https:\/\/christinamiller.ca\/about-us-cm\/#breadcrumb","itemListElement":[{"@type":"ListItem","position":1,"name":"Home","item":"https:\/\/christinamiller.ca\/fr\/"},{"@type":"ListItem","position":2,"name":"\u00e0 propos de nous"}]},{"@type":"WebSite","@id":"https:\/\/christinamiller.ca\/#website","url":"https:\/\/christinamiller.ca\/","name":"Christina Miller","description":"Certified Real Estate Broker","potentialAction":[{"@type":"SearchAction","target":{"@type":"EntryPoint","urlTemplate":"https:\/\/christinamiller.ca\/?s={search_term_string}"},"query-input":"required name=search_term_string"}],"inLanguage":"fr-FR"}]}},"_links":{"self":[{"href":"https:\/\/christinamiller.ca\/fr\/wp-json\/wp\/v2\/pages\/897"}],"collection":[{"href":"https:\/\/christinamiller.ca\/fr\/wp-json\/wp\/v2\/pages"}],"about":[{"href":"https:\/\/christinamiller.ca\/fr\/wp-json\/wp\/v2\/types\/page"}],"author":[{"embeddable":true,"href":"https:\/\/christinamiller.ca\/fr\/wp-json\/wp\/v2\/users\/1"}],"replies":[{"embeddable":true,"href":"https:\/\/christinamiller.ca\/fr\/wp-json\/wp\/v2\/comments?post=897"}],"version-history":[{"count":12,"href":"https:\/\/christinamiller.ca\/fr\/wp-json\/wp\/v2\/pages\/897\/revisions"}],"predecessor-version":[{"id":5210,"href":"https:\/\/christinamiller.ca\/fr\/wp-json\/wp\/v2\/pages\/897\/revisions\/5210"}],"wp:attachment":[{"href":"https:\/\/christinamiller.ca\/fr\/wp-json\/wp\/v2\/media?parent=897"}],"curies":[{"name":"wp","href":"https:\/\/api.w.org\/{rel}","templated":true}]}}