{"id":875,"date":"2016-04-22T14:49:32","date_gmt":"2016-04-22T14:49:32","guid":{"rendered":"https:\/\/christinamiller.ca.php56-22.dfw3-2.websitetestlink.com\/?page_id=875&#038;lang=fr"},"modified":"2016-04-22T14:49:32","modified_gmt":"2016-04-22T14:49:32","slug":"vivre-a-ndg-notre-dame-de-grace","status":"publish","type":"page","link":"https:\/\/christinamiller.ca\/fr\/nous-vous-accompagnons-dans-vos-recherches-jusqua-la-signature\/vivre-a-ndg-notre-dame-de-grace\/","title":{"rendered":"Vivre \u00e0 NDG &#8211; Notre- Dame -de -Gr\u00e2ce"},"content":{"rendered":"<p id=\"tw-target-text\" class=\"tw-data-text vk_txt tw-ta tw-text-small\" dir=\"ltr\" data-placeholder=\"Translation\"><span lang=\"fr\">NDG pourrait \u00eatre l&rsquo;un des meilleurs quartiers de Montr\u00e9al ? Familles , diversit\u00e9 et unique , NDG est assez proche du centre-ville pour vous sentir partie de l&rsquo;action , mais assez loin pour lui donner un quartier \/ sensation de banlieue. NDG dispose de belles maisons en briques , des rues bord\u00e9es d&rsquo;arbres et une vaste gamme de restaurants et de caf\u00e9s . Le c\u0153ur de NDG , Village Monkland , offre quelque chose pour tout le monde ! <\/span><\/p>\n<p class=\"tw-data-text vk_txt tw-ta tw-text-small\" dir=\"ltr\" data-placeholder=\"Translation\"><span lang=\"fr\">Conseil communautaire NDG &#8211; <a href=\"http:\/\/www.ndg.ca\" target=\"_blank\">www.ndg.ca<\/a> <\/span><\/p>\n<p class=\"tw-data-text vk_txt tw-ta tw-text-small\" dir=\"ltr\" data-placeholder=\"Translation\"><strong><span lang=\"fr\">Movers and Shakers <\/span><\/strong><\/p>\n<p class=\"tw-data-text vk_txt tw-ta tw-text-small\" dir=\"ltr\" data-placeholder=\"Translation\"><span lang=\"fr\">Nous aidons les gens \u00e0 se d\u00e9placer dans les lieux qui font leur vie meilleure . Nous sommes heureux que vous vous fournissez une liste des personnes que nous esp\u00e9rons que peut vous aider \u00e0 d\u00e9tendre et profiter de votre d\u00e9m\u00e9nagement . Renseignez-vous sur Evaluateurs , Notaires, Movers , Peintres , et plus &#8230;<\/span><\/p>\n","protected":false},"excerpt":{"rendered":"<p>NDG pourrait \u00eatre l&rsquo;un des meilleurs quartiers de Montr\u00e9al ? Familles , diversit\u00e9 et unique , NDG est assez proche du centre-ville pour vous sentir partie de l&rsquo;action , mais assez loin pour lui donner un quartier \/ sensation de banlieue. NDG dispose de belles maisons en briques , des rues bord\u00e9es d&rsquo;arbres et une [&hellip;]<\/p>\n","protected":false},"author":1,"featured_media":142,"parent":703,"menu_order":0,"comment_status":"closed","ping_status":"closed","template":"","meta":{"_acf_changed":false,"content-type":"","_genesis_hide_title":false,"_genesis_hide_breadcrumbs":false,"_genesis_hide_singular_image":false,"_genesis_hide_footer_widgets":false,"_genesis_custom_body_class":"","_genesis_custom_post_class":"","_genesis_layout":"content-sidebar","footnotes":""},"class_list":{"0":"post-875","1":"page","2":"type-page","3":"status-publish","4":"has-post-thumbnail","6":"entry"},"acf":[],"yoast_head":"<!-- This site is optimized with the Yoast SEO plugin v23.2 - https:\/\/yoast.com\/wordpress\/plugins\/seo\/ -->\n<title>Vivre \u00e0 NDG - Notre- Dame -de -Gr\u00e2ce - Christina Miller<\/title>\n<meta name=\"robots\" content=\"index, follow, max-snippet:-1, max-image-preview:large, max-video-preview:-1\" \/>\n<link rel=\"canonical\" href=\"https:\/\/christinamiller.ca\/fr\/nous-vous-accompagnons-dans-vos-recherches-jusqua-la-signature\/vivre-a-ndg-notre-dame-de-grace\/\" \/>\n<meta property=\"og:locale\" content=\"fr_FR\" \/>\n<meta property=\"og:type\" content=\"article\" \/>\n<meta property=\"og:title\" content=\"Vivre \u00e0 NDG - Notre- Dame -de -Gr\u00e2ce - Christina Miller\" \/>\n<meta property=\"og:description\" content=\"NDG pourrait \u00eatre l&rsquo;un des meilleurs quartiers de Montr\u00e9al ? Familles , diversit\u00e9 et unique , NDG est assez proche du centre-ville pour vous sentir partie de l&rsquo;action , mais assez loin pour lui donner un quartier \/ sensation de banlieue. NDG dispose de belles maisons en briques , des rues bord\u00e9es d&rsquo;arbres et une [&hellip;]\" \/>\n<meta property=\"og:url\" content=\"https:\/\/christinamiller.ca\/fr\/nous-vous-accompagnons-dans-vos-recherches-jusqua-la-signature\/vivre-a-ndg-notre-dame-de-grace\/\" \/>\n<meta property=\"og:site_name\" content=\"Christina Miller\" \/>\n<meta property=\"og:image\" content=\"https:\/\/christinamiller.ca\/wp-content\/uploads\/2016\/01\/westmount-header1.png\" \/>\n\t<meta property=\"og:image:width\" content=\"1900\" \/>\n\t<meta property=\"og:image:height\" content=\"304\" \/>\n\t<meta property=\"og:image:type\" content=\"image\/png\" \/>\n<meta name=\"twitter:card\" content=\"summary_large_image\" \/>\n<meta name=\"twitter:label1\" content=\"Dur\u00e9e de lecture estim\u00e9e\" \/>\n\t<meta name=\"twitter:data1\" content=\"1 minute\" \/>\n<script type=\"application\/ld+json\" class=\"yoast-schema-graph\">{\"@context\":\"https:\/\/schema.org\",\"@graph\":[{\"@type\":\"WebPage\",\"@id\":\"https:\/\/christinamiller.ca\/fr\/nous-vous-accompagnons-dans-vos-recherches-jusqua-la-signature\/vivre-a-ndg-notre-dame-de-grace\/\",\"url\":\"https:\/\/christinamiller.ca\/fr\/nous-vous-accompagnons-dans-vos-recherches-jusqua-la-signature\/vivre-a-ndg-notre-dame-de-grace\/\",\"name\":\"Vivre \u00e0 NDG - Notre- Dame -de -Gr\u00e2ce - Christina Miller\",\"isPartOf\":{\"@id\":\"https:\/\/christinamiller.ca\/#website\"},\"primaryImageOfPage\":{\"@id\":\"https:\/\/christinamiller.ca\/fr\/nous-vous-accompagnons-dans-vos-recherches-jusqua-la-signature\/vivre-a-ndg-notre-dame-de-grace\/#primaryimage\"},\"image\":{\"@id\":\"https:\/\/christinamiller.ca\/fr\/nous-vous-accompagnons-dans-vos-recherches-jusqua-la-signature\/vivre-a-ndg-notre-dame-de-grace\/#primaryimage\"},\"thumbnailUrl\":\"\/wp-content\/uploads\/2016\/01\/westmount-header1.png\",\"datePublished\":\"2016-04-22T14:49:32+00:00\",\"dateModified\":\"2016-04-22T14:49:32+00:00\",\"breadcrumb\":{\"@id\":\"https:\/\/christinamiller.ca\/fr\/nous-vous-accompagnons-dans-vos-recherches-jusqua-la-signature\/vivre-a-ndg-notre-dame-de-grace\/#breadcrumb\"},\"inLanguage\":\"fr-FR\",\"potentialAction\":[{\"@type\":\"ReadAction\",\"target\":[\"https:\/\/christinamiller.ca\/fr\/nous-vous-accompagnons-dans-vos-recherches-jusqua-la-signature\/vivre-a-ndg-notre-dame-de-grace\/\"]}]},{\"@type\":\"ImageObject\",\"inLanguage\":\"fr-FR\",\"@id\":\"https:\/\/christinamiller.ca\/fr\/nous-vous-accompagnons-dans-vos-recherches-jusqua-la-signature\/vivre-a-ndg-notre-dame-de-grace\/#primaryimage\",\"url\":\"\/wp-content\/uploads\/2016\/01\/westmount-header1.png\",\"contentUrl\":\"\/wp-content\/uploads\/2016\/01\/westmount-header1.png\",\"width\":1900,\"height\":304},{\"@type\":\"BreadcrumbList\",\"@id\":\"https:\/\/christinamiller.ca\/fr\/nous-vous-accompagnons-dans-vos-recherches-jusqua-la-signature\/vivre-a-ndg-notre-dame-de-grace\/#breadcrumb\",\"itemListElement\":[{\"@type\":\"ListItem\",\"position\":1,\"name\":\"Home\",\"item\":\"https:\/\/christinamiller.ca\/fr\/\"},{\"@type\":\"ListItem\",\"position\":2,\"name\":\"Vos conseillers de confiance de la recherche jusqu&#8217;\u00e0 la signature chez le notaire\",\"item\":\"https:\/\/christinamiller.ca\/buying-selling\/\"},{\"@type\":\"ListItem\",\"position\":3,\"name\":\"Vivre \u00e0 NDG &#8211; Notre- Dame -de -Gr\u00e2ce\"}]},{\"@type\":\"WebSite\",\"@id\":\"https:\/\/christinamiller.ca\/#website\",\"url\":\"https:\/\/christinamiller.ca\/\",\"name\":\"Christina Miller\",\"description\":\"Certified Real Estate Broker\",\"potentialAction\":[{\"@type\":\"SearchAction\",\"target\":{\"@type\":\"EntryPoint\",\"urlTemplate\":\"https:\/\/christinamiller.ca\/?s={search_term_string}\"},\"query-input\":\"required name=search_term_string\"}],\"inLanguage\":\"fr-FR\"}]}<\/script>\n<!-- \/ Yoast SEO plugin. -->","yoast_head_json":{"title":"Vivre \u00e0 NDG - Notre- Dame -de -Gr\u00e2ce - Christina Miller","robots":{"index":"index","follow":"follow","max-snippet":"max-snippet:-1","max-image-preview":"max-image-preview:large","max-video-preview":"max-video-preview:-1"},"canonical":"https:\/\/christinamiller.ca\/fr\/nous-vous-accompagnons-dans-vos-recherches-jusqua-la-signature\/vivre-a-ndg-notre-dame-de-grace\/","og_locale":"fr_FR","og_type":"article","og_title":"Vivre \u00e0 NDG - Notre- Dame -de -Gr\u00e2ce - Christina Miller","og_description":"NDG pourrait \u00eatre l&rsquo;un des meilleurs quartiers de Montr\u00e9al ? Familles , diversit\u00e9 et unique , NDG est assez proche du centre-ville pour vous sentir partie de l&rsquo;action , mais assez loin pour lui donner un quartier \/ sensation de banlieue. NDG dispose de belles maisons en briques , des rues bord\u00e9es d&rsquo;arbres et une [&hellip;]","og_url":"https:\/\/christinamiller.ca\/fr\/nous-vous-accompagnons-dans-vos-recherches-jusqua-la-signature\/vivre-a-ndg-notre-dame-de-grace\/","og_site_name":"Christina Miller","og_image":[{"width":1900,"height":304,"url":"https:\/\/christinamiller.ca\/wp-content\/uploads\/2016\/01\/westmount-header1.png","type":"image\/png"}],"twitter_card":"summary_large_image","twitter_misc":{"Dur\u00e9e de lecture estim\u00e9e":"1 minute"},"schema":{"@context":"https:\/\/schema.org","@graph":[{"@type":"WebPage","@id":"https:\/\/christinamiller.ca\/fr\/nous-vous-accompagnons-dans-vos-recherches-jusqua-la-signature\/vivre-a-ndg-notre-dame-de-grace\/","url":"https:\/\/christinamiller.ca\/fr\/nous-vous-accompagnons-dans-vos-recherches-jusqua-la-signature\/vivre-a-ndg-notre-dame-de-grace\/","name":"Vivre \u00e0 NDG - Notre- Dame -de -Gr\u00e2ce - Christina Miller","isPartOf":{"@id":"https:\/\/christinamiller.ca\/#website"},"primaryImageOfPage":{"@id":"https:\/\/christinamiller.ca\/fr\/nous-vous-accompagnons-dans-vos-recherches-jusqua-la-signature\/vivre-a-ndg-notre-dame-de-grace\/#primaryimage"},"image":{"@id":"https:\/\/christinamiller.ca\/fr\/nous-vous-accompagnons-dans-vos-recherches-jusqua-la-signature\/vivre-a-ndg-notre-dame-de-grace\/#primaryimage"},"thumbnailUrl":"\/wp-content\/uploads\/2016\/01\/westmount-header1.png","datePublished":"2016-04-22T14:49:32+00:00","dateModified":"2016-04-22T14:49:32+00:00","breadcrumb":{"@id":"https:\/\/christinamiller.ca\/fr\/nous-vous-accompagnons-dans-vos-recherches-jusqua-la-signature\/vivre-a-ndg-notre-dame-de-grace\/#breadcrumb"},"inLanguage":"fr-FR","potentialAction":[{"@type":"ReadAction","target":["https:\/\/christinamiller.ca\/fr\/nous-vous-accompagnons-dans-vos-recherches-jusqua-la-signature\/vivre-a-ndg-notre-dame-de-grace\/"]}]},{"@type":"ImageObject","inLanguage":"fr-FR","@id":"https:\/\/christinamiller.ca\/fr\/nous-vous-accompagnons-dans-vos-recherches-jusqua-la-signature\/vivre-a-ndg-notre-dame-de-grace\/#primaryimage","url":"\/wp-content\/uploads\/2016\/01\/westmount-header1.png","contentUrl":"\/wp-content\/uploads\/2016\/01\/westmount-header1.png","width":1900,"height":304},{"@type":"BreadcrumbList","@id":"https:\/\/christinamiller.ca\/fr\/nous-vous-accompagnons-dans-vos-recherches-jusqua-la-signature\/vivre-a-ndg-notre-dame-de-grace\/#breadcrumb","itemListElement":[{"@type":"ListItem","position":1,"name":"Home","item":"https:\/\/christinamiller.ca\/fr\/"},{"@type":"ListItem","position":2,"name":"Vos conseillers de confiance de la recherche jusqu&#8217;\u00e0 la signature chez le notaire","item":"https:\/\/christinamiller.ca\/buying-selling\/"},{"@type":"ListItem","position":3,"name":"Vivre \u00e0 NDG &#8211; Notre- Dame -de -Gr\u00e2ce"}]},{"@type":"WebSite","@id":"https:\/\/christinamiller.ca\/#website","url":"https:\/\/christinamiller.ca\/","name":"Christina Miller","description":"Certified Real Estate Broker","potentialAction":[{"@type":"SearchAction","target":{"@type":"EntryPoint","urlTemplate":"https:\/\/christinamiller.ca\/?s={search_term_string}"},"query-input":"required name=search_term_string"}],"inLanguage":"fr-FR"}]}},"_links":{"self":[{"href":"https:\/\/christinamiller.ca\/fr\/wp-json\/wp\/v2\/pages\/875"}],"collection":[{"href":"https:\/\/christinamiller.ca\/fr\/wp-json\/wp\/v2\/pages"}],"about":[{"href":"https:\/\/christinamiller.ca\/fr\/wp-json\/wp\/v2\/types\/page"}],"author":[{"embeddable":true,"href":"https:\/\/christinamiller.ca\/fr\/wp-json\/wp\/v2\/users\/1"}],"replies":[{"embeddable":true,"href":"https:\/\/christinamiller.ca\/fr\/wp-json\/wp\/v2\/comments?post=875"}],"version-history":[{"count":1,"href":"https:\/\/christinamiller.ca\/fr\/wp-json\/wp\/v2\/pages\/875\/revisions"}],"predecessor-version":[{"id":876,"href":"https:\/\/christinamiller.ca\/fr\/wp-json\/wp\/v2\/pages\/875\/revisions\/876"}],"up":[{"embeddable":true,"href":"https:\/\/christinamiller.ca\/fr\/wp-json\/wp\/v2\/pages\/703"}],"wp:featuredmedia":[{"embeddable":true,"href":"https:\/\/christinamiller.ca\/fr\/wp-json\/wp\/v2\/media\/142"}],"wp:attachment":[{"href":"https:\/\/christinamiller.ca\/fr\/wp-json\/wp\/v2\/media?parent=875"}],"curies":[{"name":"wp","href":"https:\/\/api.w.org\/{rel}","templated":true}]}}