{"id":774,"date":"2016-04-19T23:03:58","date_gmt":"2016-04-19T23:03:58","guid":{"rendered":"https:\/\/christinamiller.ca.php56-22.dfw3-2.websitetestlink.com\/?page_id=774&#038;lang=fr"},"modified":"2016-04-19T23:03:58","modified_gmt":"2016-04-19T23:03:58","slug":"vivre-dans-westmount","status":"publish","type":"page","link":"https:\/\/christinamiller.ca\/fr\/nous-vous-accompagnons-dans-vos-recherches-jusqua-la-signature\/vivre-dans-westmount\/","title":{"rendered":"Vivre dans Westmount"},"content":{"rendered":"<p>Quiconque a v\u00e9cu \u00e0 Westmount comprend de premi\u00e8re main qu&rsquo;il est une communaut\u00e9 tr\u00e8s sp\u00e9ciale, un lieu exceptionnel pour vivre, travailler, \u00e9tudier et jouer. Mais qu&rsquo;est-ce qui le rend si sp\u00e9cial? Il y a beaucoup de r\u00e9ponses \u00e0 cette question, et si vous demandez \u00e0 quelques personnes, dont beaucoup seront d&rsquo;accord sur certaines choses \u00e9videntes qui donnent Westmount ses \u00abje ne sais quoi\u00bb: Sa belle architecture, par exemple, ou son cadre immacul\u00e9, toile de fond de montagne, vue imprenable de la ville, la rivi\u00e8re et au-del\u00e0, des espaces verts, des arbres matures, des boutiques fabuleuses, des caf\u00e9s confortables, des restaurants vari\u00e9s, des \u00e9coles merveilleux, exceptionnel immobilier etc. d&rsquo;autres sont moins \u00e9videntes, et davantage bas\u00e9e sur des exp\u00e9riences personnelles.<\/p>\n<p>Pour moi, il y a quelques exp\u00e9riences personnelles qui ont fait Westmount un lieu exceptionnel pour moi de vivre avec ma famille. Par exemple, le moment o\u00f9, en tant que nouveau r\u00e9sident de Westmount en 1997, j&rsquo;ai appel\u00e9 le bureau du maire Peter Trent parler d&rsquo;un danger pour la s\u00e9curit\u00e9 sur l&rsquo;avenue Argyle et \u00e9tait merveilleusement surpris de le voir pris en charge le jour m\u00eame; ou la belle famille que nous avons rencontr\u00e9 dans le parc Westmount qui nous a invit\u00e9s retour pour les boissons sur leur plate-forme et sont devenus amis de longue vie; ou comment quand je marche \u00e0 travers le village de Victoria, il est impossible de ne pas entamer une conversation avec un gardien de magasin? Je suis venu pour savoir, ou les clients que j&rsquo;ai travaill\u00e9 au fil des ans.<\/p>\n<p>Les anciens qui Westmount ont d\u00fb quitter, ou ont \u00e9t\u00e9 transf\u00e9r\u00e9s ailleurs, me disent souvent combien leurs souvenirs sp\u00e9ciaux sont de notre ville unique, et qu&rsquo;il ne doit pas \u00eatre pris pour acquis. Contrairement \u00e0 d&rsquo;autres villes qui ont \u00e9t\u00e9 touch\u00e9es par l&rsquo;\u00e9talement urbain et la surpopulation, Westmount semble avoir le trouv\u00e9 le bon \u00e9quilibre entre la vie urbaine et la banlieue!<\/p>\n","protected":false},"excerpt":{"rendered":"<p>Quiconque a v\u00e9cu \u00e0 Westmount comprend de premi\u00e8re main qu&rsquo;il est une communaut\u00e9 tr\u00e8s sp\u00e9ciale, un lieu exceptionnel pour vivre, travailler, \u00e9tudier et jouer. Mais qu&rsquo;est-ce qui le rend si sp\u00e9cial? Il y a beaucoup de r\u00e9ponses \u00e0 cette question, et si vous demandez \u00e0 quelques personnes, dont beaucoup seront d&rsquo;accord sur certaines choses \u00e9videntes [&hellip;]<\/p>\n","protected":false},"author":1,"featured_media":142,"parent":703,"menu_order":0,"comment_status":"closed","ping_status":"closed","template":"","meta":{"_acf_changed":false,"content-type":"","_genesis_hide_title":false,"_genesis_hide_breadcrumbs":false,"_genesis_hide_singular_image":false,"_genesis_hide_footer_widgets":false,"_genesis_custom_body_class":"","_genesis_custom_post_class":"","_genesis_layout":"content-sidebar","footnotes":""},"class_list":{"0":"post-774","1":"page","2":"type-page","3":"status-publish","4":"has-post-thumbnail","6":"entry"},"acf":[],"yoast_head":"<!-- This site is optimized with the Yoast SEO plugin v23.2 - https:\/\/yoast.com\/wordpress\/plugins\/seo\/ -->\n<title>Vivre dans Westmount - Christina Miller<\/title>\n<meta name=\"robots\" content=\"index, follow, max-snippet:-1, max-image-preview:large, max-video-preview:-1\" \/>\n<link rel=\"canonical\" href=\"https:\/\/christinamiller.ca\/fr\/nous-vous-accompagnons-dans-vos-recherches-jusqua-la-signature\/vivre-dans-westmount\/\" \/>\n<meta property=\"og:locale\" content=\"fr_FR\" \/>\n<meta property=\"og:type\" content=\"article\" \/>\n<meta property=\"og:title\" content=\"Vivre dans Westmount - Christina Miller\" \/>\n<meta property=\"og:description\" content=\"Quiconque a v\u00e9cu \u00e0 Westmount comprend de premi\u00e8re main qu&rsquo;il est une communaut\u00e9 tr\u00e8s sp\u00e9ciale, un lieu exceptionnel pour vivre, travailler, \u00e9tudier et jouer. Mais qu&rsquo;est-ce qui le rend si sp\u00e9cial? Il y a beaucoup de r\u00e9ponses \u00e0 cette question, et si vous demandez \u00e0 quelques personnes, dont beaucoup seront d&rsquo;accord sur certaines choses \u00e9videntes [&hellip;]\" \/>\n<meta property=\"og:url\" content=\"https:\/\/christinamiller.ca\/fr\/nous-vous-accompagnons-dans-vos-recherches-jusqua-la-signature\/vivre-dans-westmount\/\" \/>\n<meta property=\"og:site_name\" content=\"Christina Miller\" \/>\n<meta property=\"og:image\" content=\"https:\/\/christinamiller.ca\/wp-content\/uploads\/2016\/01\/westmount-header1.png\" \/>\n\t<meta property=\"og:image:width\" content=\"1900\" \/>\n\t<meta property=\"og:image:height\" content=\"304\" \/>\n\t<meta property=\"og:image:type\" content=\"image\/png\" \/>\n<meta name=\"twitter:card\" content=\"summary_large_image\" \/>\n<meta name=\"twitter:label1\" content=\"Dur\u00e9e de lecture estim\u00e9e\" \/>\n\t<meta name=\"twitter:data1\" content=\"2 minutes\" \/>\n<script type=\"application\/ld+json\" class=\"yoast-schema-graph\">{\"@context\":\"https:\/\/schema.org\",\"@graph\":[{\"@type\":\"WebPage\",\"@id\":\"https:\/\/christinamiller.ca\/fr\/nous-vous-accompagnons-dans-vos-recherches-jusqua-la-signature\/vivre-dans-westmount\/\",\"url\":\"https:\/\/christinamiller.ca\/fr\/nous-vous-accompagnons-dans-vos-recherches-jusqua-la-signature\/vivre-dans-westmount\/\",\"name\":\"Vivre dans Westmount - Christina Miller\",\"isPartOf\":{\"@id\":\"https:\/\/christinamiller.ca\/#website\"},\"primaryImageOfPage\":{\"@id\":\"https:\/\/christinamiller.ca\/fr\/nous-vous-accompagnons-dans-vos-recherches-jusqua-la-signature\/vivre-dans-westmount\/#primaryimage\"},\"image\":{\"@id\":\"https:\/\/christinamiller.ca\/fr\/nous-vous-accompagnons-dans-vos-recherches-jusqua-la-signature\/vivre-dans-westmount\/#primaryimage\"},\"thumbnailUrl\":\"\/wp-content\/uploads\/2016\/01\/westmount-header1.png\",\"datePublished\":\"2016-04-19T23:03:58+00:00\",\"dateModified\":\"2016-04-19T23:03:58+00:00\",\"breadcrumb\":{\"@id\":\"https:\/\/christinamiller.ca\/fr\/nous-vous-accompagnons-dans-vos-recherches-jusqua-la-signature\/vivre-dans-westmount\/#breadcrumb\"},\"inLanguage\":\"fr-FR\",\"potentialAction\":[{\"@type\":\"ReadAction\",\"target\":[\"https:\/\/christinamiller.ca\/fr\/nous-vous-accompagnons-dans-vos-recherches-jusqua-la-signature\/vivre-dans-westmount\/\"]}]},{\"@type\":\"ImageObject\",\"inLanguage\":\"fr-FR\",\"@id\":\"https:\/\/christinamiller.ca\/fr\/nous-vous-accompagnons-dans-vos-recherches-jusqua-la-signature\/vivre-dans-westmount\/#primaryimage\",\"url\":\"\/wp-content\/uploads\/2016\/01\/westmount-header1.png\",\"contentUrl\":\"\/wp-content\/uploads\/2016\/01\/westmount-header1.png\",\"width\":1900,\"height\":304},{\"@type\":\"BreadcrumbList\",\"@id\":\"https:\/\/christinamiller.ca\/fr\/nous-vous-accompagnons-dans-vos-recherches-jusqua-la-signature\/vivre-dans-westmount\/#breadcrumb\",\"itemListElement\":[{\"@type\":\"ListItem\",\"position\":1,\"name\":\"Home\",\"item\":\"https:\/\/christinamiller.ca\/fr\/\"},{\"@type\":\"ListItem\",\"position\":2,\"name\":\"Vos conseillers de confiance de la recherche jusqu&#8217;\u00e0 la signature chez le notaire\",\"item\":\"https:\/\/christinamiller.ca\/buying-selling\/\"},{\"@type\":\"ListItem\",\"position\":3,\"name\":\"Vivre dans Westmount\"}]},{\"@type\":\"WebSite\",\"@id\":\"https:\/\/christinamiller.ca\/#website\",\"url\":\"https:\/\/christinamiller.ca\/\",\"name\":\"Christina Miller\",\"description\":\"Certified Real Estate Broker\",\"potentialAction\":[{\"@type\":\"SearchAction\",\"target\":{\"@type\":\"EntryPoint\",\"urlTemplate\":\"https:\/\/christinamiller.ca\/?s={search_term_string}\"},\"query-input\":\"required name=search_term_string\"}],\"inLanguage\":\"fr-FR\"}]}<\/script>\n<!-- \/ Yoast SEO plugin. -->","yoast_head_json":{"title":"Vivre dans Westmount - Christina Miller","robots":{"index":"index","follow":"follow","max-snippet":"max-snippet:-1","max-image-preview":"max-image-preview:large","max-video-preview":"max-video-preview:-1"},"canonical":"https:\/\/christinamiller.ca\/fr\/nous-vous-accompagnons-dans-vos-recherches-jusqua-la-signature\/vivre-dans-westmount\/","og_locale":"fr_FR","og_type":"article","og_title":"Vivre dans Westmount - Christina Miller","og_description":"Quiconque a v\u00e9cu \u00e0 Westmount comprend de premi\u00e8re main qu&rsquo;il est une communaut\u00e9 tr\u00e8s sp\u00e9ciale, un lieu exceptionnel pour vivre, travailler, \u00e9tudier et jouer. Mais qu&rsquo;est-ce qui le rend si sp\u00e9cial? Il y a beaucoup de r\u00e9ponses \u00e0 cette question, et si vous demandez \u00e0 quelques personnes, dont beaucoup seront d&rsquo;accord sur certaines choses \u00e9videntes [&hellip;]","og_url":"https:\/\/christinamiller.ca\/fr\/nous-vous-accompagnons-dans-vos-recherches-jusqua-la-signature\/vivre-dans-westmount\/","og_site_name":"Christina Miller","og_image":[{"width":1900,"height":304,"url":"https:\/\/christinamiller.ca\/wp-content\/uploads\/2016\/01\/westmount-header1.png","type":"image\/png"}],"twitter_card":"summary_large_image","twitter_misc":{"Dur\u00e9e de lecture estim\u00e9e":"2 minutes"},"schema":{"@context":"https:\/\/schema.org","@graph":[{"@type":"WebPage","@id":"https:\/\/christinamiller.ca\/fr\/nous-vous-accompagnons-dans-vos-recherches-jusqua-la-signature\/vivre-dans-westmount\/","url":"https:\/\/christinamiller.ca\/fr\/nous-vous-accompagnons-dans-vos-recherches-jusqua-la-signature\/vivre-dans-westmount\/","name":"Vivre dans Westmount - Christina Miller","isPartOf":{"@id":"https:\/\/christinamiller.ca\/#website"},"primaryImageOfPage":{"@id":"https:\/\/christinamiller.ca\/fr\/nous-vous-accompagnons-dans-vos-recherches-jusqua-la-signature\/vivre-dans-westmount\/#primaryimage"},"image":{"@id":"https:\/\/christinamiller.ca\/fr\/nous-vous-accompagnons-dans-vos-recherches-jusqua-la-signature\/vivre-dans-westmount\/#primaryimage"},"thumbnailUrl":"\/wp-content\/uploads\/2016\/01\/westmount-header1.png","datePublished":"2016-04-19T23:03:58+00:00","dateModified":"2016-04-19T23:03:58+00:00","breadcrumb":{"@id":"https:\/\/christinamiller.ca\/fr\/nous-vous-accompagnons-dans-vos-recherches-jusqua-la-signature\/vivre-dans-westmount\/#breadcrumb"},"inLanguage":"fr-FR","potentialAction":[{"@type":"ReadAction","target":["https:\/\/christinamiller.ca\/fr\/nous-vous-accompagnons-dans-vos-recherches-jusqua-la-signature\/vivre-dans-westmount\/"]}]},{"@type":"ImageObject","inLanguage":"fr-FR","@id":"https:\/\/christinamiller.ca\/fr\/nous-vous-accompagnons-dans-vos-recherches-jusqua-la-signature\/vivre-dans-westmount\/#primaryimage","url":"\/wp-content\/uploads\/2016\/01\/westmount-header1.png","contentUrl":"\/wp-content\/uploads\/2016\/01\/westmount-header1.png","width":1900,"height":304},{"@type":"BreadcrumbList","@id":"https:\/\/christinamiller.ca\/fr\/nous-vous-accompagnons-dans-vos-recherches-jusqua-la-signature\/vivre-dans-westmount\/#breadcrumb","itemListElement":[{"@type":"ListItem","position":1,"name":"Home","item":"https:\/\/christinamiller.ca\/fr\/"},{"@type":"ListItem","position":2,"name":"Vos conseillers de confiance de la recherche jusqu&#8217;\u00e0 la signature chez le notaire","item":"https:\/\/christinamiller.ca\/buying-selling\/"},{"@type":"ListItem","position":3,"name":"Vivre dans Westmount"}]},{"@type":"WebSite","@id":"https:\/\/christinamiller.ca\/#website","url":"https:\/\/christinamiller.ca\/","name":"Christina Miller","description":"Certified Real Estate Broker","potentialAction":[{"@type":"SearchAction","target":{"@type":"EntryPoint","urlTemplate":"https:\/\/christinamiller.ca\/?s={search_term_string}"},"query-input":"required name=search_term_string"}],"inLanguage":"fr-FR"}]}},"_links":{"self":[{"href":"https:\/\/christinamiller.ca\/fr\/wp-json\/wp\/v2\/pages\/774"}],"collection":[{"href":"https:\/\/christinamiller.ca\/fr\/wp-json\/wp\/v2\/pages"}],"about":[{"href":"https:\/\/christinamiller.ca\/fr\/wp-json\/wp\/v2\/types\/page"}],"author":[{"embeddable":true,"href":"https:\/\/christinamiller.ca\/fr\/wp-json\/wp\/v2\/users\/1"}],"replies":[{"embeddable":true,"href":"https:\/\/christinamiller.ca\/fr\/wp-json\/wp\/v2\/comments?post=774"}],"version-history":[{"count":1,"href":"https:\/\/christinamiller.ca\/fr\/wp-json\/wp\/v2\/pages\/774\/revisions"}],"predecessor-version":[{"id":775,"href":"https:\/\/christinamiller.ca\/fr\/wp-json\/wp\/v2\/pages\/774\/revisions\/775"}],"up":[{"embeddable":true,"href":"https:\/\/christinamiller.ca\/fr\/wp-json\/wp\/v2\/pages\/703"}],"wp:featuredmedia":[{"embeddable":true,"href":"https:\/\/christinamiller.ca\/fr\/wp-json\/wp\/v2\/media\/142"}],"wp:attachment":[{"href":"https:\/\/christinamiller.ca\/fr\/wp-json\/wp\/v2\/media?parent=774"}],"curies":[{"name":"wp","href":"https:\/\/api.w.org\/{rel}","templated":true}]}}