{"id":762,"date":"2016-04-19T20:37:51","date_gmt":"2016-04-19T20:37:51","guid":{"rendered":"https:\/\/christinamiller.ca.php56-22.dfw3-2.websitetestlink.com\/?page_id=762&#038;lang=fr"},"modified":"2023-03-03T19:53:08","modified_gmt":"2023-03-03T19:53:08","slug":"des-instantanes-de-marche-des-nouvelles-et-des-tendances-que-vous-aurez-besoin-pour-rester-en-tete","status":"publish","type":"page","link":"https:\/\/christinamiller.ca\/fr\/des-instantanes-de-marche-des-nouvelles-et-des-tendances-que-vous-aurez-besoin-pour-rester-en-tete\/","title":{"rendered":"des instantan\u00e9s de march\u00e9 , des nouvelles et des tendances que vous aurez besoin pour rester en t\u00eate"},"content":{"rendered":"<div class=\"showcase2 showcase-active\"><img loading=\"lazy\" decoding=\"async\" class=\"alignnone wp-image-326 size-full aligncenter\" src=\"\/wp-content\/uploads\/2016\/02\/tableau1.jpg\" alt=\"tableau1\" width=\"725\" height=\"196\" data-id=\"326\" srcset=\"\/wp-content\/uploads\/2016\/02\/tableau1.jpg 725w, \/wp-content\/uploads\/2016\/02\/tableau1-300x81.jpg 300w\" sizes=\"(max-width: 725px) 100vw, 725px\" \/><br \/>\n<img loading=\"lazy\" decoding=\"async\" class=\"alignnone wp-image-327 size-full aligncenter\" src=\"\/wp-content\/uploads\/2016\/02\/tableau2.jpg\" alt=\"tableau2\" width=\"725\" height=\"196\" data-id=\"327\" srcset=\"\/wp-content\/uploads\/2016\/02\/tableau2.jpg 725w, \/wp-content\/uploads\/2016\/02\/tableau2-300x81.jpg 300w\" sizes=\"(max-width: 725px) 100vw, 725px\" \/><br \/>\n<img loading=\"lazy\" decoding=\"async\" class=\"alignnone wp-image-328 size-full aligncenter\" src=\"\/wp-content\/uploads\/2016\/02\/tableau3.jpg\" alt=\"tableau3\" width=\"725\" height=\"502\" data-id=\"328\" srcset=\"\/wp-content\/uploads\/2016\/02\/tableau3.jpg 725w, \/wp-content\/uploads\/2016\/02\/tableau3-300x208.jpg 300w\" sizes=\"(max-width: 725px) 100vw, 725px\" \/><br \/>\n<img loading=\"lazy\" decoding=\"async\" class=\"alignnone wp-image-329 size-full aligncenter\" src=\"\/wp-content\/uploads\/2016\/02\/tableau4.jpg\" alt=\"tableau4\" width=\"725\" height=\"1169\" data-id=\"329\" srcset=\"\/wp-content\/uploads\/2016\/02\/tableau4.jpg 725w, \/wp-content\/uploads\/2016\/02\/tableau4-186x300.jpg 186w, \/wp-content\/uploads\/2016\/02\/tableau4-635x1024.jpg 635w\" sizes=\"(max-width: 725px) 100vw, 725px\" \/><\/div>\n<div class=\"showcase showcase1\" style=\"text-align: center;\">Arrive Bient\u00f4t&#8230;<\/div>\n","protected":false},"excerpt":{"rendered":"<p>Arrive Bient\u00f4t&#8230;<\/p>\n","protected":false},"author":1,"featured_media":4830,"parent":0,"menu_order":0,"comment_status":"closed","ping_status":"closed","template":"","meta":{"_acf_changed":false,"content-type":"","_genesis_hide_title":false,"_genesis_hide_breadcrumbs":false,"_genesis_hide_singular_image":false,"_genesis_hide_footer_widgets":false,"_genesis_custom_body_class":"","_genesis_custom_post_class":"","_genesis_layout":"content-sidebar","footnotes":""},"class_list":{"0":"post-762","1":"page","2":"type-page","3":"status-publish","4":"has-post-thumbnail","6":"entry"},"acf":[],"yoast_head":"<!-- This site is optimized with the Yoast SEO plugin v23.2 - https:\/\/yoast.com\/wordpress\/plugins\/seo\/ -->\n<title>des instantan\u00e9s de march\u00e9 , des nouvelles et des tendances que vous aurez besoin pour rester en t\u00eate - Christina Miller<\/title>\n<meta name=\"robots\" content=\"index, follow, max-snippet:-1, max-image-preview:large, max-video-preview:-1\" \/>\n<link rel=\"canonical\" href=\"https:\/\/christinamiller.ca\/market-snapshots-news-and-trends-youll-need-to-stay-ahead\/\" \/>\n<meta property=\"og:locale\" content=\"fr_FR\" \/>\n<meta property=\"og:type\" content=\"article\" \/>\n<meta property=\"og:title\" content=\"des instantan\u00e9s de march\u00e9 , des nouvelles et des tendances que vous aurez besoin pour rester en t\u00eate - Christina Miller\" \/>\n<meta property=\"og:description\" content=\"Arrive Bient\u00f4t&#8230;\" \/>\n<meta property=\"og:url\" content=\"https:\/\/christinamiller.ca\/market-snapshots-news-and-trends-youll-need-to-stay-ahead\/\" \/>\n<meta property=\"og:site_name\" content=\"Christina Miller\" \/>\n<meta property=\"article:modified_time\" content=\"2023-03-03T19:53:08+00:00\" \/>\n<meta property=\"og:image\" content=\"https:\/\/christinamiller.ca\/wp-content\/uploads\/2023\/03\/MARKET-REPORTS-FR.png\" \/>\n\t<meta property=\"og:image:width\" content=\"2096\" \/>\n\t<meta property=\"og:image:height\" content=\"842\" \/>\n\t<meta property=\"og:image:type\" content=\"image\/png\" \/>\n<meta name=\"twitter:card\" content=\"summary_large_image\" \/>\n<meta name=\"twitter:label1\" content=\"Dur\u00e9e de lecture estim\u00e9e\" \/>\n\t<meta name=\"twitter:data1\" content=\"1 minute\" \/>\n<script type=\"application\/ld+json\" class=\"yoast-schema-graph\">{\"@context\":\"https:\/\/schema.org\",\"@graph\":[{\"@type\":\"WebPage\",\"@id\":\"https:\/\/christinamiller.ca\/market-snapshots-news-and-trends-youll-need-to-stay-ahead\/\",\"url\":\"https:\/\/christinamiller.ca\/market-snapshots-news-and-trends-youll-need-to-stay-ahead\/\",\"name\":\"des instantan\u00e9s de march\u00e9 , des nouvelles et des tendances que vous aurez besoin pour rester en t\u00eate - Christina Miller\",\"isPartOf\":{\"@id\":\"https:\/\/christinamiller.ca\/#website\"},\"primaryImageOfPage\":{\"@id\":\"https:\/\/christinamiller.ca\/market-snapshots-news-and-trends-youll-need-to-stay-ahead\/#primaryimage\"},\"image\":{\"@id\":\"https:\/\/christinamiller.ca\/market-snapshots-news-and-trends-youll-need-to-stay-ahead\/#primaryimage\"},\"thumbnailUrl\":\"\/wp-content\/uploads\/2023\/03\/MARKET-REPORTS-FR.png\",\"datePublished\":\"2016-04-19T20:37:51+00:00\",\"dateModified\":\"2023-03-03T19:53:08+00:00\",\"breadcrumb\":{\"@id\":\"https:\/\/christinamiller.ca\/market-snapshots-news-and-trends-youll-need-to-stay-ahead\/#breadcrumb\"},\"inLanguage\":\"fr-FR\",\"potentialAction\":[{\"@type\":\"ReadAction\",\"target\":[\"https:\/\/christinamiller.ca\/market-snapshots-news-and-trends-youll-need-to-stay-ahead\/\"]}]},{\"@type\":\"ImageObject\",\"inLanguage\":\"fr-FR\",\"@id\":\"https:\/\/christinamiller.ca\/market-snapshots-news-and-trends-youll-need-to-stay-ahead\/#primaryimage\",\"url\":\"\/wp-content\/uploads\/2023\/03\/MARKET-REPORTS-FR.png\",\"contentUrl\":\"\/wp-content\/uploads\/2023\/03\/MARKET-REPORTS-FR.png\",\"width\":2096,\"height\":842},{\"@type\":\"BreadcrumbList\",\"@id\":\"https:\/\/christinamiller.ca\/market-snapshots-news-and-trends-youll-need-to-stay-ahead\/#breadcrumb\",\"itemListElement\":[{\"@type\":\"ListItem\",\"position\":1,\"name\":\"Home\",\"item\":\"https:\/\/christinamiller.ca\/fr\/\"},{\"@type\":\"ListItem\",\"position\":2,\"name\":\"des instantan\u00e9s de march\u00e9 , des nouvelles et des tendances que vous aurez besoin pour rester en t\u00eate\"}]},{\"@type\":\"WebSite\",\"@id\":\"https:\/\/christinamiller.ca\/#website\",\"url\":\"https:\/\/christinamiller.ca\/\",\"name\":\"Christina Miller\",\"description\":\"Certified Real Estate Broker\",\"potentialAction\":[{\"@type\":\"SearchAction\",\"target\":{\"@type\":\"EntryPoint\",\"urlTemplate\":\"https:\/\/christinamiller.ca\/?s={search_term_string}\"},\"query-input\":\"required name=search_term_string\"}],\"inLanguage\":\"fr-FR\"}]}<\/script>\n<!-- \/ Yoast SEO plugin. -->","yoast_head_json":{"title":"des instantan\u00e9s de march\u00e9 , des nouvelles et des tendances que vous aurez besoin pour rester en t\u00eate - Christina Miller","robots":{"index":"index","follow":"follow","max-snippet":"max-snippet:-1","max-image-preview":"max-image-preview:large","max-video-preview":"max-video-preview:-1"},"canonical":"https:\/\/christinamiller.ca\/market-snapshots-news-and-trends-youll-need-to-stay-ahead\/","og_locale":"fr_FR","og_type":"article","og_title":"des instantan\u00e9s de march\u00e9 , des nouvelles et des tendances que vous aurez besoin pour rester en t\u00eate - Christina Miller","og_description":"Arrive Bient\u00f4t&#8230;","og_url":"https:\/\/christinamiller.ca\/market-snapshots-news-and-trends-youll-need-to-stay-ahead\/","og_site_name":"Christina Miller","article_modified_time":"2023-03-03T19:53:08+00:00","og_image":[{"width":2096,"height":842,"url":"https:\/\/christinamiller.ca\/wp-content\/uploads\/2023\/03\/MARKET-REPORTS-FR.png","type":"image\/png"}],"twitter_card":"summary_large_image","twitter_misc":{"Dur\u00e9e de lecture estim\u00e9e":"1 minute"},"schema":{"@context":"https:\/\/schema.org","@graph":[{"@type":"WebPage","@id":"https:\/\/christinamiller.ca\/market-snapshots-news-and-trends-youll-need-to-stay-ahead\/","url":"https:\/\/christinamiller.ca\/market-snapshots-news-and-trends-youll-need-to-stay-ahead\/","name":"des instantan\u00e9s de march\u00e9 , des nouvelles et des tendances que vous aurez besoin pour rester en t\u00eate - Christina Miller","isPartOf":{"@id":"https:\/\/christinamiller.ca\/#website"},"primaryImageOfPage":{"@id":"https:\/\/christinamiller.ca\/market-snapshots-news-and-trends-youll-need-to-stay-ahead\/#primaryimage"},"image":{"@id":"https:\/\/christinamiller.ca\/market-snapshots-news-and-trends-youll-need-to-stay-ahead\/#primaryimage"},"thumbnailUrl":"\/wp-content\/uploads\/2023\/03\/MARKET-REPORTS-FR.png","datePublished":"2016-04-19T20:37:51+00:00","dateModified":"2023-03-03T19:53:08+00:00","breadcrumb":{"@id":"https:\/\/christinamiller.ca\/market-snapshots-news-and-trends-youll-need-to-stay-ahead\/#breadcrumb"},"inLanguage":"fr-FR","potentialAction":[{"@type":"ReadAction","target":["https:\/\/christinamiller.ca\/market-snapshots-news-and-trends-youll-need-to-stay-ahead\/"]}]},{"@type":"ImageObject","inLanguage":"fr-FR","@id":"https:\/\/christinamiller.ca\/market-snapshots-news-and-trends-youll-need-to-stay-ahead\/#primaryimage","url":"\/wp-content\/uploads\/2023\/03\/MARKET-REPORTS-FR.png","contentUrl":"\/wp-content\/uploads\/2023\/03\/MARKET-REPORTS-FR.png","width":2096,"height":842},{"@type":"BreadcrumbList","@id":"https:\/\/christinamiller.ca\/market-snapshots-news-and-trends-youll-need-to-stay-ahead\/#breadcrumb","itemListElement":[{"@type":"ListItem","position":1,"name":"Home","item":"https:\/\/christinamiller.ca\/fr\/"},{"@type":"ListItem","position":2,"name":"des instantan\u00e9s de march\u00e9 , des nouvelles et des tendances que vous aurez besoin pour rester en t\u00eate"}]},{"@type":"WebSite","@id":"https:\/\/christinamiller.ca\/#website","url":"https:\/\/christinamiller.ca\/","name":"Christina Miller","description":"Certified Real Estate Broker","potentialAction":[{"@type":"SearchAction","target":{"@type":"EntryPoint","urlTemplate":"https:\/\/christinamiller.ca\/?s={search_term_string}"},"query-input":"required name=search_term_string"}],"inLanguage":"fr-FR"}]}},"_links":{"self":[{"href":"https:\/\/christinamiller.ca\/fr\/wp-json\/wp\/v2\/pages\/762"}],"collection":[{"href":"https:\/\/christinamiller.ca\/fr\/wp-json\/wp\/v2\/pages"}],"about":[{"href":"https:\/\/christinamiller.ca\/fr\/wp-json\/wp\/v2\/types\/page"}],"author":[{"embeddable":true,"href":"https:\/\/christinamiller.ca\/fr\/wp-json\/wp\/v2\/users\/1"}],"replies":[{"embeddable":true,"href":"https:\/\/christinamiller.ca\/fr\/wp-json\/wp\/v2\/comments?post=762"}],"version-history":[{"count":5,"href":"https:\/\/christinamiller.ca\/fr\/wp-json\/wp\/v2\/pages\/762\/revisions"}],"predecessor-version":[{"id":1798,"href":"https:\/\/christinamiller.ca\/fr\/wp-json\/wp\/v2\/pages\/762\/revisions\/1798"}],"wp:featuredmedia":[{"embeddable":true,"href":"https:\/\/christinamiller.ca\/fr\/wp-json\/wp\/v2\/media\/4830"}],"wp:attachment":[{"href":"https:\/\/christinamiller.ca\/fr\/wp-json\/wp\/v2\/media?parent=762"}],"curies":[{"name":"wp","href":"https:\/\/api.w.org\/{rel}","templated":true}]}}