{"id":742,"date":"2016-04-19T20:22:44","date_gmt":"2016-04-19T20:22:44","guid":{"rendered":"https:\/\/christinamiller.ca.php56-22.dfw3-2.websitetestlink.com\/?page_id=742&#038;lang=fr"},"modified":"2016-04-19T22:52:01","modified_gmt":"2016-04-19T22:52:01","slug":"communique-de-presse","status":"publish","type":"page","link":"https:\/\/christinamiller.ca\/fr\/communique-de-presse\/","title":{"rendered":"Communiqu\u00e9 de presse"},"content":{"rendered":"<p>La maison de Montr\u00e9al vendu avec une Maserati gratuit dans le garage!<\/p>\n<p>La fi\u00e8vre GRAND PRIX cr\u00e9e une premi\u00e8re immobilier<\/p>\n<p>Montr\u00e9al, Qu\u00e9bec &#8211; Jeudi 4 Juin ici \u00e0 2015 &#8211; Une maison de luxe situ\u00e9 \u00e0 41 Roxborough Avenue \u00e0 Westmount sera vendu avec une Maserati libre. Pour 3,5 millions $, cette maison familiale de 13 chambres est livr\u00e9 avec un garage de deux voitures, avec 2011 Maserati Quattroporte du propri\u00e9taire stationn\u00e9 \u00e0 l&rsquo;int\u00e9rieur, avec la permission des propri\u00e9taires actuels.<\/p>\n<p>\u00abNous sommes au milieu de la fi\u00e8vre de la F1 \u00e0 Montr\u00e9al et Alfieri Maserati \u00e9tait un coureur automobile passionn\u00e9 qui aimait la vitesse. 41 Roxborough est une maison joliment r\u00e9nov\u00e9e et, franchement, il n&rsquo;y avait aucune raison d&rsquo;am\u00e9liorer l&rsquo;offre, mais nous avons pens\u00e9 que l&rsquo;id\u00e9e \u00e9tait amusant et la voiture est superbe, \u00bbdit Christina Miller, courtier immobilier \u00e0 Profusion Immobilier, travaillant exclusivement \u00e0 Westmount o\u00f9 elle vit depuis 20 ans. En plus de cette proposition d\u00e9j\u00e0 int\u00e9ressante, Christina, un fier supporteur du CUSM, fera don d&rsquo;une partie de ses frais de courtage au Centre du cancer du C\u00e8dre dans les noms des acheteurs.<\/p>\n<p>Selon Centris.ca, il existe actuellement 166 propri\u00e9t\u00e9s \u00e0 vendre \u00e0 Westmount, 33 sont r\u00e9pertori\u00e9s pour 3 millions $ ou plus. \u00abLa concurrence est f\u00e9roce pour les maisons de luxe sur le march\u00e9 \u00e0 Montr\u00e9al et les propri\u00e9taires de 41 Roxborough a d\u00e9cid\u00e9 d&rsquo;offrir une valeur ajout\u00e9e. Il est une bonne id\u00e9e, et la Maserati Quattroporte 2011, une valeur de $ 170,000 nouvelle, a seulement 23.000 km au compteur. La Maserati peut passer de 0 \u00e0 100 kmh en 4,9 secondes, une vraie F1 sentir, \u00bbajoute Christina Miller.<\/p>\n<p>Cette maison familiale de deux \u00e9tages dispose d&rsquo;une cuisine professionnelle, cinq chambres, huit salles de bains, un boudoir avec une ventilation personnalis\u00e9e \u00e0 fumer des cigares, une cave qui peut contenir plus de 4000 bouteilles, une chemin\u00e9e, une salle de sport, un sauna, une piscine enterr\u00e9e , appareils haut de gamme, une salle de billard, planchers chauffants, c\u00e2blage internet, les r\u00e9seaux audio et vid\u00e9o, nouveaux haut-parleurs int\u00e9rieurs et ext\u00e9rieurs.<\/p>\n","protected":false},"excerpt":{"rendered":"<p>La maison de Montr\u00e9al vendu avec une Maserati gratuit dans le garage! La fi\u00e8vre GRAND PRIX cr\u00e9e une premi\u00e8re immobilier Montr\u00e9al, Qu\u00e9bec &#8211; Jeudi 4 Juin ici \u00e0 2015 &#8211; Une maison de luxe situ\u00e9 \u00e0 41 Roxborough Avenue \u00e0 Westmount sera vendu avec une Maserati libre. Pour 3,5 millions $, cette maison familiale de [&hellip;]<\/p>\n","protected":false},"author":1,"featured_media":76,"parent":0,"menu_order":0,"comment_status":"closed","ping_status":"closed","template":"","meta":{"_acf_changed":false,"content-type":"","_genesis_hide_title":false,"_genesis_hide_breadcrumbs":false,"_genesis_hide_singular_image":false,"_genesis_hide_footer_widgets":false,"_genesis_custom_body_class":"","_genesis_custom_post_class":"","_genesis_layout":"","footnotes":""},"class_list":{"0":"post-742","1":"page","2":"type-page","3":"status-publish","4":"has-post-thumbnail","6":"entry"},"acf":[],"yoast_head":"<!-- This site is optimized with the Yoast SEO plugin v23.2 - https:\/\/yoast.com\/wordpress\/plugins\/seo\/ -->\n<title>Communiqu\u00e9 de presse - Christina Miller<\/title>\n<meta name=\"robots\" content=\"index, follow, max-snippet:-1, max-image-preview:large, max-video-preview:-1\" \/>\n<link rel=\"canonical\" href=\"https:\/\/christinamiller.ca\/fr\/communique-de-presse\/\" \/>\n<meta property=\"og:locale\" content=\"fr_FR\" \/>\n<meta property=\"og:type\" content=\"article\" \/>\n<meta property=\"og:title\" content=\"Communiqu\u00e9 de presse - Christina Miller\" \/>\n<meta property=\"og:description\" content=\"La maison de Montr\u00e9al vendu avec une Maserati gratuit dans le garage! La fi\u00e8vre GRAND PRIX cr\u00e9e une premi\u00e8re immobilier Montr\u00e9al, Qu\u00e9bec &#8211; Jeudi 4 Juin ici \u00e0 2015 &#8211; Une maison de luxe situ\u00e9 \u00e0 41 Roxborough Avenue \u00e0 Westmount sera vendu avec une Maserati libre. Pour 3,5 millions $, cette maison familiale de [&hellip;]\" \/>\n<meta property=\"og:url\" content=\"https:\/\/christinamiller.ca\/fr\/communique-de-presse\/\" \/>\n<meta property=\"og:site_name\" content=\"Christina Miller\" \/>\n<meta property=\"article:modified_time\" content=\"2016-04-19T22:52:01+00:00\" \/>\n<meta property=\"og:image\" content=\"https:\/\/christinamiller.ca\/wp-content\/uploads\/2016\/01\/interior-header1.png\" \/>\n\t<meta property=\"og:image:width\" content=\"1900\" \/>\n\t<meta property=\"og:image:height\" content=\"303\" \/>\n\t<meta property=\"og:image:type\" content=\"image\/png\" \/>\n<meta name=\"twitter:card\" content=\"summary_large_image\" \/>\n<meta name=\"twitter:label1\" content=\"Dur\u00e9e de lecture estim\u00e9e\" \/>\n\t<meta name=\"twitter:data1\" content=\"2 minutes\" \/>\n<script type=\"application\/ld+json\" class=\"yoast-schema-graph\">{\"@context\":\"https:\/\/schema.org\",\"@graph\":[{\"@type\":\"WebPage\",\"@id\":\"https:\/\/christinamiller.ca\/fr\/communique-de-presse\/\",\"url\":\"https:\/\/christinamiller.ca\/fr\/communique-de-presse\/\",\"name\":\"Communiqu\u00e9 de presse - Christina Miller\",\"isPartOf\":{\"@id\":\"https:\/\/christinamiller.ca\/#website\"},\"primaryImageOfPage\":{\"@id\":\"https:\/\/christinamiller.ca\/fr\/communique-de-presse\/#primaryimage\"},\"image\":{\"@id\":\"https:\/\/christinamiller.ca\/fr\/communique-de-presse\/#primaryimage\"},\"thumbnailUrl\":\"\/wp-content\/uploads\/2016\/01\/interior-header1.png\",\"datePublished\":\"2016-04-19T20:22:44+00:00\",\"dateModified\":\"2016-04-19T22:52:01+00:00\",\"breadcrumb\":{\"@id\":\"https:\/\/christinamiller.ca\/fr\/communique-de-presse\/#breadcrumb\"},\"inLanguage\":\"fr-FR\",\"potentialAction\":[{\"@type\":\"ReadAction\",\"target\":[\"https:\/\/christinamiller.ca\/fr\/communique-de-presse\/\"]}]},{\"@type\":\"ImageObject\",\"inLanguage\":\"fr-FR\",\"@id\":\"https:\/\/christinamiller.ca\/fr\/communique-de-presse\/#primaryimage\",\"url\":\"\/wp-content\/uploads\/2016\/01\/interior-header1.png\",\"contentUrl\":\"\/wp-content\/uploads\/2016\/01\/interior-header1.png\",\"width\":1900,\"height\":303},{\"@type\":\"BreadcrumbList\",\"@id\":\"https:\/\/christinamiller.ca\/fr\/communique-de-presse\/#breadcrumb\",\"itemListElement\":[{\"@type\":\"ListItem\",\"position\":1,\"name\":\"Home\",\"item\":\"https:\/\/christinamiller.ca\/fr\/\"},{\"@type\":\"ListItem\",\"position\":2,\"name\":\"Communiqu\u00e9 de presse\"}]},{\"@type\":\"WebSite\",\"@id\":\"https:\/\/christinamiller.ca\/#website\",\"url\":\"https:\/\/christinamiller.ca\/\",\"name\":\"Christina Miller\",\"description\":\"Certified Real Estate Broker\",\"potentialAction\":[{\"@type\":\"SearchAction\",\"target\":{\"@type\":\"EntryPoint\",\"urlTemplate\":\"https:\/\/christinamiller.ca\/?s={search_term_string}\"},\"query-input\":\"required name=search_term_string\"}],\"inLanguage\":\"fr-FR\"}]}<\/script>\n<!-- \/ Yoast SEO plugin. -->","yoast_head_json":{"title":"Communiqu\u00e9 de presse - Christina Miller","robots":{"index":"index","follow":"follow","max-snippet":"max-snippet:-1","max-image-preview":"max-image-preview:large","max-video-preview":"max-video-preview:-1"},"canonical":"https:\/\/christinamiller.ca\/fr\/communique-de-presse\/","og_locale":"fr_FR","og_type":"article","og_title":"Communiqu\u00e9 de presse - Christina Miller","og_description":"La maison de Montr\u00e9al vendu avec une Maserati gratuit dans le garage! La fi\u00e8vre GRAND PRIX cr\u00e9e une premi\u00e8re immobilier Montr\u00e9al, Qu\u00e9bec &#8211; Jeudi 4 Juin ici \u00e0 2015 &#8211; Une maison de luxe situ\u00e9 \u00e0 41 Roxborough Avenue \u00e0 Westmount sera vendu avec une Maserati libre. Pour 3,5 millions $, cette maison familiale de [&hellip;]","og_url":"https:\/\/christinamiller.ca\/fr\/communique-de-presse\/","og_site_name":"Christina Miller","article_modified_time":"2016-04-19T22:52:01+00:00","og_image":[{"width":1900,"height":303,"url":"https:\/\/christinamiller.ca\/wp-content\/uploads\/2016\/01\/interior-header1.png","type":"image\/png"}],"twitter_card":"summary_large_image","twitter_misc":{"Dur\u00e9e de lecture estim\u00e9e":"2 minutes"},"schema":{"@context":"https:\/\/schema.org","@graph":[{"@type":"WebPage","@id":"https:\/\/christinamiller.ca\/fr\/communique-de-presse\/","url":"https:\/\/christinamiller.ca\/fr\/communique-de-presse\/","name":"Communiqu\u00e9 de presse - Christina Miller","isPartOf":{"@id":"https:\/\/christinamiller.ca\/#website"},"primaryImageOfPage":{"@id":"https:\/\/christinamiller.ca\/fr\/communique-de-presse\/#primaryimage"},"image":{"@id":"https:\/\/christinamiller.ca\/fr\/communique-de-presse\/#primaryimage"},"thumbnailUrl":"\/wp-content\/uploads\/2016\/01\/interior-header1.png","datePublished":"2016-04-19T20:22:44+00:00","dateModified":"2016-04-19T22:52:01+00:00","breadcrumb":{"@id":"https:\/\/christinamiller.ca\/fr\/communique-de-presse\/#breadcrumb"},"inLanguage":"fr-FR","potentialAction":[{"@type":"ReadAction","target":["https:\/\/christinamiller.ca\/fr\/communique-de-presse\/"]}]},{"@type":"ImageObject","inLanguage":"fr-FR","@id":"https:\/\/christinamiller.ca\/fr\/communique-de-presse\/#primaryimage","url":"\/wp-content\/uploads\/2016\/01\/interior-header1.png","contentUrl":"\/wp-content\/uploads\/2016\/01\/interior-header1.png","width":1900,"height":303},{"@type":"BreadcrumbList","@id":"https:\/\/christinamiller.ca\/fr\/communique-de-presse\/#breadcrumb","itemListElement":[{"@type":"ListItem","position":1,"name":"Home","item":"https:\/\/christinamiller.ca\/fr\/"},{"@type":"ListItem","position":2,"name":"Communiqu\u00e9 de presse"}]},{"@type":"WebSite","@id":"https:\/\/christinamiller.ca\/#website","url":"https:\/\/christinamiller.ca\/","name":"Christina Miller","description":"Certified Real Estate Broker","potentialAction":[{"@type":"SearchAction","target":{"@type":"EntryPoint","urlTemplate":"https:\/\/christinamiller.ca\/?s={search_term_string}"},"query-input":"required name=search_term_string"}],"inLanguage":"fr-FR"}]}},"_links":{"self":[{"href":"https:\/\/christinamiller.ca\/fr\/wp-json\/wp\/v2\/pages\/742"}],"collection":[{"href":"https:\/\/christinamiller.ca\/fr\/wp-json\/wp\/v2\/pages"}],"about":[{"href":"https:\/\/christinamiller.ca\/fr\/wp-json\/wp\/v2\/types\/page"}],"author":[{"embeddable":true,"href":"https:\/\/christinamiller.ca\/fr\/wp-json\/wp\/v2\/users\/1"}],"replies":[{"embeddable":true,"href":"https:\/\/christinamiller.ca\/fr\/wp-json\/wp\/v2\/comments?post=742"}],"version-history":[{"count":2,"href":"https:\/\/christinamiller.ca\/fr\/wp-json\/wp\/v2\/pages\/742\/revisions"}],"predecessor-version":[{"id":770,"href":"https:\/\/christinamiller.ca\/fr\/wp-json\/wp\/v2\/pages\/742\/revisions\/770"}],"wp:featuredmedia":[{"embeddable":true,"href":"https:\/\/christinamiller.ca\/fr\/wp-json\/wp\/v2\/media\/76"}],"wp:attachment":[{"href":"https:\/\/christinamiller.ca\/fr\/wp-json\/wp\/v2\/media?parent=742"}],"curies":[{"name":"wp","href":"https:\/\/api.w.org\/{rel}","templated":true}]}}