{"id":733,"date":"2016-04-19T20:07:35","date_gmt":"2016-04-19T20:07:35","guid":{"rendered":"https:\/\/christinamiller.ca.php56-22.dfw3-2.websitetestlink.com\/?page_id=733&#038;lang=fr"},"modified":"2025-03-19T17:27:15","modified_gmt":"2025-03-19T17:27:15","slug":"visites-libres","status":"publish","type":"page","link":"https:\/\/christinamiller.ca\/fr\/proprietes-sur-le-marche\/visites-libres\/","title":{"rendered":"Visites Libres"},"content":{"rendered":"<div class=\"post_content_423\">\n<p style=\"text-align: center;\">Vous cherchez votre prochaine maison? Venez jeter un coup d\u2019\u0153il. Venez voir nos visites libres.<\/p>\n<\/div>\nSorry, no open houses are available at this time.\n","protected":false},"excerpt":{"rendered":"<p>Vous cherchez votre prochaine maison? Venez jeter un coup d\u2019\u0153il. Venez voir nos visites libres.<\/p>\n","protected":false},"author":1,"featured_media":5185,"parent":707,"menu_order":0,"comment_status":"closed","ping_status":"closed","template":"","meta":{"_acf_changed":false,"content-type":"","_genesis_hide_title":false,"_genesis_hide_breadcrumbs":false,"_genesis_hide_singular_image":false,"_genesis_hide_footer_widgets":false,"_genesis_custom_body_class":"","_genesis_custom_post_class":"","_genesis_layout":"content-sidebar","footnotes":""},"class_list":{"0":"post-733","1":"page","2":"type-page","3":"status-publish","4":"has-post-thumbnail","6":"entry"},"acf":[],"yoast_head":"<!-- This site is optimized with the Yoast SEO plugin v23.2 - https:\/\/yoast.com\/wordpress\/plugins\/seo\/ -->\n<title>Visites Libres - Christina Miller<\/title>\n<meta name=\"robots\" content=\"index, follow, max-snippet:-1, max-image-preview:large, max-video-preview:-1\" \/>\n<link rel=\"canonical\" href=\"https:\/\/christinamiller.ca\/current-listings\/open-houses\/\" \/>\n<meta property=\"og:locale\" content=\"fr_FR\" \/>\n<meta property=\"og:type\" content=\"article\" \/>\n<meta property=\"og:title\" content=\"Visites Libres - Christina Miller\" \/>\n<meta property=\"og:description\" content=\"Vous cherchez votre prochaine maison? Venez jeter un coup d\u2019\u0153il. Venez voir nos visites libres.\" \/>\n<meta property=\"og:url\" content=\"https:\/\/christinamiller.ca\/current-listings\/open-houses\/\" \/>\n<meta property=\"og:site_name\" content=\"Christina Miller\" \/>\n<meta property=\"article:modified_time\" content=\"2025-03-19T17:27:15+00:00\" \/>\n<meta property=\"og:image\" content=\"https:\/\/christinamiller.ca\/wp-content\/uploads\/2025\/03\/OH-Cover-\u2013-FR-1024x415.png\" \/>\n\t<meta property=\"og:image:width\" content=\"1024\" \/>\n\t<meta property=\"og:image:height\" content=\"415\" \/>\n\t<meta property=\"og:image:type\" content=\"image\/png\" \/>\n<meta name=\"twitter:card\" content=\"summary_large_image\" \/>\n<meta name=\"twitter:label1\" content=\"Dur\u00e9e de lecture estim\u00e9e\" \/>\n\t<meta name=\"twitter:data1\" content=\"1 minute\" \/>\n<script type=\"application\/ld+json\" class=\"yoast-schema-graph\">{\"@context\":\"https:\/\/schema.org\",\"@graph\":[{\"@type\":\"WebPage\",\"@id\":\"https:\/\/christinamiller.ca\/current-listings\/open-houses\/\",\"url\":\"https:\/\/christinamiller.ca\/current-listings\/open-houses\/\",\"name\":\"Visites Libres - Christina Miller\",\"isPartOf\":{\"@id\":\"https:\/\/christinamiller.ca\/#website\"},\"primaryImageOfPage\":{\"@id\":\"https:\/\/christinamiller.ca\/current-listings\/open-houses\/#primaryimage\"},\"image\":{\"@id\":\"https:\/\/christinamiller.ca\/current-listings\/open-houses\/#primaryimage\"},\"thumbnailUrl\":\"\/wp-content\/uploads\/2025\/03\/OH-Cover-\u2013-FR.png\",\"datePublished\":\"2016-04-19T20:07:35+00:00\",\"dateModified\":\"2025-03-19T17:27:15+00:00\",\"breadcrumb\":{\"@id\":\"https:\/\/christinamiller.ca\/current-listings\/open-houses\/#breadcrumb\"},\"inLanguage\":\"fr-FR\",\"potentialAction\":[{\"@type\":\"ReadAction\",\"target\":[\"https:\/\/christinamiller.ca\/current-listings\/open-houses\/\"]}]},{\"@type\":\"ImageObject\",\"inLanguage\":\"fr-FR\",\"@id\":\"https:\/\/christinamiller.ca\/current-listings\/open-houses\/#primaryimage\",\"url\":\"\/wp-content\/uploads\/2025\/03\/OH-Cover-\u2013-FR.png\",\"contentUrl\":\"\/wp-content\/uploads\/2025\/03\/OH-Cover-\u2013-FR.png\",\"width\":4049,\"height\":1639},{\"@type\":\"BreadcrumbList\",\"@id\":\"https:\/\/christinamiller.ca\/current-listings\/open-houses\/#breadcrumb\",\"itemListElement\":[{\"@type\":\"ListItem\",\"position\":1,\"name\":\"Home\",\"item\":\"https:\/\/christinamiller.ca\/fr\/\"},{\"@type\":\"ListItem\",\"position\":2,\"name\":\"Propri\u00e9t\u00e9s sur le march\u00e9\",\"item\":\"https:\/\/christinamiller.ca\/current-listings\/\"},{\"@type\":\"ListItem\",\"position\":3,\"name\":\"Visites Libres\"}]},{\"@type\":\"WebSite\",\"@id\":\"https:\/\/christinamiller.ca\/#website\",\"url\":\"https:\/\/christinamiller.ca\/\",\"name\":\"Christina Miller\",\"description\":\"Certified Real Estate Broker\",\"potentialAction\":[{\"@type\":\"SearchAction\",\"target\":{\"@type\":\"EntryPoint\",\"urlTemplate\":\"https:\/\/christinamiller.ca\/?s={search_term_string}\"},\"query-input\":\"required name=search_term_string\"}],\"inLanguage\":\"fr-FR\"}]}<\/script>\n<!-- \/ Yoast SEO plugin. -->","yoast_head_json":{"title":"Visites Libres - Christina Miller","robots":{"index":"index","follow":"follow","max-snippet":"max-snippet:-1","max-image-preview":"max-image-preview:large","max-video-preview":"max-video-preview:-1"},"canonical":"https:\/\/christinamiller.ca\/current-listings\/open-houses\/","og_locale":"fr_FR","og_type":"article","og_title":"Visites Libres - Christina Miller","og_description":"Vous cherchez votre prochaine maison? Venez jeter un coup d\u2019\u0153il. Venez voir nos visites libres.","og_url":"https:\/\/christinamiller.ca\/current-listings\/open-houses\/","og_site_name":"Christina Miller","article_modified_time":"2025-03-19T17:27:15+00:00","og_image":[{"width":1024,"height":415,"url":"https:\/\/christinamiller.ca\/wp-content\/uploads\/2025\/03\/OH-Cover-\u2013-FR-1024x415.png","type":"image\/png"}],"twitter_card":"summary_large_image","twitter_misc":{"Dur\u00e9e de lecture estim\u00e9e":"1 minute"},"schema":{"@context":"https:\/\/schema.org","@graph":[{"@type":"WebPage","@id":"https:\/\/christinamiller.ca\/current-listings\/open-houses\/","url":"https:\/\/christinamiller.ca\/current-listings\/open-houses\/","name":"Visites Libres - Christina Miller","isPartOf":{"@id":"https:\/\/christinamiller.ca\/#website"},"primaryImageOfPage":{"@id":"https:\/\/christinamiller.ca\/current-listings\/open-houses\/#primaryimage"},"image":{"@id":"https:\/\/christinamiller.ca\/current-listings\/open-houses\/#primaryimage"},"thumbnailUrl":"\/wp-content\/uploads\/2025\/03\/OH-Cover-\u2013-FR.png","datePublished":"2016-04-19T20:07:35+00:00","dateModified":"2025-03-19T17:27:15+00:00","breadcrumb":{"@id":"https:\/\/christinamiller.ca\/current-listings\/open-houses\/#breadcrumb"},"inLanguage":"fr-FR","potentialAction":[{"@type":"ReadAction","target":["https:\/\/christinamiller.ca\/current-listings\/open-houses\/"]}]},{"@type":"ImageObject","inLanguage":"fr-FR","@id":"https:\/\/christinamiller.ca\/current-listings\/open-houses\/#primaryimage","url":"\/wp-content\/uploads\/2025\/03\/OH-Cover-\u2013-FR.png","contentUrl":"\/wp-content\/uploads\/2025\/03\/OH-Cover-\u2013-FR.png","width":4049,"height":1639},{"@type":"BreadcrumbList","@id":"https:\/\/christinamiller.ca\/current-listings\/open-houses\/#breadcrumb","itemListElement":[{"@type":"ListItem","position":1,"name":"Home","item":"https:\/\/christinamiller.ca\/fr\/"},{"@type":"ListItem","position":2,"name":"Propri\u00e9t\u00e9s sur le march\u00e9","item":"https:\/\/christinamiller.ca\/current-listings\/"},{"@type":"ListItem","position":3,"name":"Visites Libres"}]},{"@type":"WebSite","@id":"https:\/\/christinamiller.ca\/#website","url":"https:\/\/christinamiller.ca\/","name":"Christina Miller","description":"Certified Real Estate Broker","potentialAction":[{"@type":"SearchAction","target":{"@type":"EntryPoint","urlTemplate":"https:\/\/christinamiller.ca\/?s={search_term_string}"},"query-input":"required name=search_term_string"}],"inLanguage":"fr-FR"}]}},"_links":{"self":[{"href":"https:\/\/christinamiller.ca\/fr\/wp-json\/wp\/v2\/pages\/733"}],"collection":[{"href":"https:\/\/christinamiller.ca\/fr\/wp-json\/wp\/v2\/pages"}],"about":[{"href":"https:\/\/christinamiller.ca\/fr\/wp-json\/wp\/v2\/types\/page"}],"author":[{"embeddable":true,"href":"https:\/\/christinamiller.ca\/fr\/wp-json\/wp\/v2\/users\/1"}],"replies":[{"embeddable":true,"href":"https:\/\/christinamiller.ca\/fr\/wp-json\/wp\/v2\/comments?post=733"}],"version-history":[{"count":20,"href":"https:\/\/christinamiller.ca\/fr\/wp-json\/wp\/v2\/pages\/733\/revisions"}],"predecessor-version":[{"id":5131,"href":"https:\/\/christinamiller.ca\/fr\/wp-json\/wp\/v2\/pages\/733\/revisions\/5131"}],"up":[{"embeddable":true,"href":"https:\/\/christinamiller.ca\/fr\/wp-json\/wp\/v2\/pages\/707"}],"wp:featuredmedia":[{"embeddable":true,"href":"https:\/\/christinamiller.ca\/fr\/wp-json\/wp\/v2\/media\/5185"}],"wp:attachment":[{"href":"https:\/\/christinamiller.ca\/fr\/wp-json\/wp\/v2\/media?parent=733"}],"curies":[{"name":"wp","href":"https:\/\/api.w.org\/{rel}","templated":true}]}}