{"id":721,"date":"2016-04-19T19:18:37","date_gmt":"2016-04-19T19:18:37","guid":{"rendered":"https:\/\/christinamiller.ca.php56-22.dfw3-2.websitetestlink.com\/?page_id=721&#038;lang=fr"},"modified":"2020-01-09T20:13:43","modified_gmt":"2020-01-09T20:13:43","slug":"pour-nous-joindre","status":"publish","type":"page","link":"https:\/\/christinamiller.ca\/fr\/pour-nous-joindre\/","title":{"rendered":"Vous pouvez nous joindre par t\u00e9l\u00e9phone, message texte ou courriel!"},"content":{"rendered":"<h3 style=\"text-align: center;\">Nous sommes l\u00e0 pour vous aider \u00e0 planifier les prochaines \u00e9tapes de votre projet d\u2019achat ou de vente. Communiquez avec nous d\u00e8s aujourd\u2019hui!<\/h3>\n<p>&nbsp;<\/p>\n<h4 style=\"text-align: center;\">514 934-2480<\/h4>\n<h4 style=\"text-align: center;\">christina@christinamiller.ca<\/h4>\n<p><img loading=\"lazy\" decoding=\"async\" class=\"aligncenter wp-image-499 size-full\" src=\"\/wp-content\/uploads\/2016\/04\/cm-e1460486754903.png\" alt=\"cm\" width=\"175\" height=\"180\" data-id=\"499\" \/><\/p>\n<p><center><script type=\"text\/javascript\">var gform;gform||(document.addEventListener(\"gform_main_scripts_loaded\",function(){gform.scriptsLoaded=!0}),window.addEventListener(\"DOMContentLoaded\",function(){gform.domLoaded=!0}),gform={domLoaded:!1,scriptsLoaded:!1,initializeOnLoaded:function(o){gform.domLoaded&&gform.scriptsLoaded?o():!gform.domLoaded&&gform.scriptsLoaded?window.addEventListener(\"DOMContentLoaded\",o):document.addEventListener(\"gform_main_scripts_loaded\",o)},hooks:{action:{},filter:{}},addAction:function(o,n,r,t){gform.addHook(\"action\",o,n,r,t)},addFilter:function(o,n,r,t){gform.addHook(\"filter\",o,n,r,t)},doAction:function(o){gform.doHook(\"action\",o,arguments)},applyFilters:function(o){return gform.doHook(\"filter\",o,arguments)},removeAction:function(o,n){gform.removeHook(\"action\",o,n)},removeFilter:function(o,n,r){gform.removeHook(\"filter\",o,n,r)},addHook:function(o,n,r,t,i){null==gform.hooks[o][n]&&(gform.hooks[o][n]=[]);var e=gform.hooks[o][n];null==i&&(i=n+\"_\"+e.length),gform.hooks[o][n].push({tag:i,callable:r,priority:t=null==t?10:t})},doHook:function(n,o,r){var t;if(r=Array.prototype.slice.call(r,1),null!=gform.hooks[n][o]&&((o=gform.hooks[n][o]).sort(function(o,n){return o.priority-n.priority}),o.forEach(function(o){\"function\"!=typeof(t=o.callable)&&(t=window[t]),\"action\"==n?t.apply(null,r):r[0]=t.apply(null,r)})),\"filter\"==n)return r[0]},removeHook:function(o,n,t,i){var r;null!=gform.hooks[o][n]&&(r=(r=gform.hooks[o][n]).filter(function(o,n,r){return!!(null!=i&&i!=o.tag||null!=t&&t!=o.priority)}),gform.hooks[o][n]=r)}});<\/script>\n                <div class='gf_browser_gecko gform_wrapper gform_legacy_markup_wrapper gform-theme--no-framework' data-form-theme='legacy' data-form-index='0' id='gform_wrapper_10' ><div id='gf_10' class='gform_anchor' tabindex='-1'><\/div><form method='post' enctype='multipart\/form-data' target='gform_ajax_frame_10' id='gform_10'  action='\/fr\/wp-json\/wp\/v2\/pages\/721#gf_10' data-formid='10' novalidate>\n                        <div class='gform-body gform_body'><ul id='gform_fields_10' class='gform_fields top_label form_sublabel_below description_below validation_below'><li id=\"field_10_1\" class=\"gfield gfield--type-text gfield_contains_required field_sublabel_below gfield--no-description field_description_below field_validation_below gfield_visibility_visible\"  data-js-reload=\"field_10_1\" ><label class='gfield_label gform-field-label' for='input_10_1'>Nom<span class=\"gfield_required\"><span class=\"gfield_required gfield_required_asterisk\">*<\/span><\/span><\/label><div class='ginput_container ginput_container_text'><input name='input_1' id='input_10_1' type='text' value='' class='medium'   tabindex='49' placeholder='Nom' aria-required=\"true\" aria-invalid=\"false\"   \/> <\/div><\/li><li id=\"field_10_2\" class=\"gfield gfield--type-email gfield_contains_required field_sublabel_below gfield--no-description field_description_below field_validation_below gfield_visibility_visible\"  data-js-reload=\"field_10_2\" ><label class='gfield_label gform-field-label' for='input_10_2'>Courriel<span class=\"gfield_required\"><span class=\"gfield_required gfield_required_asterisk\">*<\/span><\/span><\/label><div class='ginput_container ginput_container_email'>\n                            <input name='input_2' id='input_10_2' type='email' value='' class='medium' tabindex='50'  placeholder='Courriel' aria-required=\"true\" aria-invalid=\"false\"  \/>\n                        <\/div><\/li><li id=\"field_10_3\" class=\"gfield gfield--type-phone field_sublabel_below gfield--no-description field_description_below field_validation_below gfield_visibility_visible\"  data-js-reload=\"field_10_3\" ><label class='gfield_label gform-field-label' for='input_10_3'>Num\u00e9ro de t\u00e9l\u00e9phone<\/label><div class='ginput_container ginput_container_phone'><input name='input_3' id='input_10_3' type='tel' value='' class='medium' tabindex='51' placeholder='Num\u00e9ro de t\u00e9l\u00e9phone'  aria-invalid=\"false\"   \/><\/div><\/li><li id=\"field_10_4\" class=\"gfield gfield--type-textarea gfield_contains_required field_sublabel_below gfield--no-description field_description_below field_validation_below gfield_visibility_visible\"  data-js-reload=\"field_10_4\" ><label class='gfield_label gform-field-label' for='input_10_4'>Questions<span class=\"gfield_required\"><span class=\"gfield_required gfield_required_asterisk\">*<\/span><\/span><\/label><div class='ginput_container ginput_container_textarea'><textarea name='input_4' id='input_10_4' class='textarea medium' tabindex='52'   placeholder='Questions' aria-required=\"true\" aria-invalid=\"false\"   rows='10' cols='50'><\/textarea><\/div><\/li><li id=\"field_10_7\" class=\"gfield gfield--type-consent gfield--type-choice gfield--input-type-consent gfield--width-full field_sublabel_below gfield--has-description field_description_below field_validation_below gfield_visibility_visible\"  data-js-reload=\"field_10_7\" ><label class='gfield_label gform-field-label gfield_label_before_complex' >Consentement<\/label><div class='ginput_container ginput_container_consent'><input name='input_7.1' id='input_10_7_1' type='checkbox' value='1' tabindex='53' aria-describedby=\"gfield_consent_description_10_7\"  aria-invalid=\"false\"   \/> <label class=\"gform-field-label gform-field-label--type-inline gfield_consent_label\" for='input_10_7_1' >J'accepte les conditions d'utilisation :<\/label><input type='hidden' name='input_7.2' value='J&#039;accepte les conditions d&#039;utilisation :' class='gform_hidden' \/><input type='hidden' name='input_7.3' value='4' class='gform_hidden' \/><\/div><div class='gfield_description gfield_consent_description' id='gfield_consent_description_10_7'>Je consens \u00e0 recevoir des appels et des messages texte de marketing et de service \u00e0 la client\u00e8le de la part du Groupe Immobilier Christina Miller. Ce consentement n'est pas une condition d'achat. Des frais de message et de donn\u00e9es peuvent s'appliquer. La fr\u00e9quence des messages varie. R\u00e9pondez STOP pour vous d\u00e9sabonner. <a href=\"https:\/\/christinamiller.ca\/fr\/politique-de-confidentialite\/\"><b>Politique de confidentialit\u00e9 et conditions d'utilisation.<\/b><\/a>.<\/div><\/li><li id=\"field_10_5\" class=\"gfield gfield--type-captcha field_sublabel_below gfield--no-description field_description_below field_validation_below gfield_visibility_visible\"  data-js-reload=\"field_10_5\" ><label class='gfield_label gform-field-label' for='input_10_5'>CAPTCHA<\/label><div id='input_10_5' class='ginput_container ginput_recaptcha' data-sitekey='6LcN9s0UAAAAAG82erN_7nXoM5MiN71biQk1Uwdq'  data-theme='light' data-tabindex='54'  data-badge=''><\/div><\/li><li id=\"field_10_6\" class=\"gfield gfield--type-html gfield_html gfield_html_formatted gfield_no_follows_desc field_sublabel_below gfield--no-description field_description_below field_validation_below gfield_visibility_visible\"  data-js-reload=\"field_10_6\" ><br><\/li><\/ul><\/div>\n        <div class='gform_footer top_label'> <input type='submit' id='gform_submit_button_10' class='gform_button button' value='Envoyer' tabindex='55' onclick='if(window[\"gf_submitting_10\"]){return false;}  if( !jQuery(\"#gform_10\")[0].checkValidity || jQuery(\"#gform_10\")[0].checkValidity()){window[\"gf_submitting_10\"]=true;}  ' onkeypress='if( event.keyCode == 13 ){ if(window[\"gf_submitting_10\"]){return false;} if( !jQuery(\"#gform_10\")[0].checkValidity || jQuery(\"#gform_10\")[0].checkValidity()){window[\"gf_submitting_10\"]=true;}  jQuery(\"#gform_10\").trigger(\"submit\",[true]); }' \/> <input type='hidden' name='gform_ajax' value='form_id=10&amp;title=&amp;description=&amp;tabindex=49&amp;theme=legacy' \/>\n            <input type='hidden' class='gform_hidden' name='is_submit_10' value='1' \/>\n            <input type='hidden' class='gform_hidden' name='gform_submit' value='10' \/>\n            \n            <input type='hidden' class='gform_hidden' name='gform_unique_id' value='' \/>\n            <input type='hidden' class='gform_hidden' name='state_10' value='WyJ7XCI3LjFcIjpcIjQ0NmRiNjQzNDJhODY2ODY2ZWRkYWY4YTcwNzI1MTIxXCIsXCI3LjJcIjpcImY4M2ViNDQyN2M2YTg4MjgyM2JlNWNhOWZkMzMyZGM5XCIsXCI3LjNcIjpcImYxY2ZiNjMzMDE0NTU0ZDk0N2Q3YjdkYjA0ZTMzNzFkXCJ9IiwiMTNlYTMxNzE5ZTBmNGE2ZjRkNzhkMzhkMWEzYmYyYzkiXQ==' \/>\n            <input type='hidden' class='gform_hidden' name='gform_target_page_number_10' id='gform_target_page_number_10' value='0' \/>\n            <input type='hidden' class='gform_hidden' name='gform_source_page_number_10' id='gform_source_page_number_10' value='1' \/>\n            <input type='hidden' name='gform_field_values' value='' \/>\n            \n        <\/div>\n                        <\/form>\n                        <\/div>\n\t\t                <iframe style='display:none;width:0px;height:0px;' src='about:blank' name='gform_ajax_frame_10' id='gform_ajax_frame_10' title='Cette iframe contient la logique n\u00e9cessaire pour manipuler Gravity Forms avec Ajax.'><\/iframe>\n\t\t                <script type=\"text\/javascript\">\n\/* <![CDATA[ *\/\n gform.initializeOnLoaded( function() {gformInitSpinner( 10, '\/wp-content\/plugins\/gravityforms\/images\/spinner.svg', true );jQuery('#gform_ajax_frame_10').on('load',function(){var contents = jQuery(this).contents().find('*').html();var is_postback = contents.indexOf('GF_AJAX_POSTBACK') >= 0;if(!is_postback){return;}var form_content = jQuery(this).contents().find('#gform_wrapper_10');var is_confirmation = jQuery(this).contents().find('#gform_confirmation_wrapper_10').length > 0;var is_redirect = contents.indexOf('gformRedirect(){') >= 0;var is_form = form_content.length > 0 && ! is_redirect && ! is_confirmation;var mt = parseInt(jQuery('html').css('margin-top'), 10) + parseInt(jQuery('body').css('margin-top'), 10) + 100;if(is_form){jQuery('#gform_wrapper_10').html(form_content.html());if(form_content.hasClass('gform_validation_error')){jQuery('#gform_wrapper_10').addClass('gform_validation_error');} else {jQuery('#gform_wrapper_10').removeClass('gform_validation_error');}setTimeout( function() { \/* delay the scroll by 50 milliseconds to fix a bug in chrome *\/ jQuery(document).scrollTop(jQuery('#gform_wrapper_10').offset().top - mt); }, 50 );if(window['gformInitDatepicker']) {gformInitDatepicker();}if(window['gformInitPriceFields']) {gformInitPriceFields();}var current_page = jQuery('#gform_source_page_number_10').val();gformInitSpinner( 10, '\/wp-content\/plugins\/gravityforms\/images\/spinner.svg', true );jQuery(document).trigger('gform_page_loaded', [10, current_page]);window['gf_submitting_10'] = false;}else if(!is_redirect){var confirmation_content = jQuery(this).contents().find('.GF_AJAX_POSTBACK').html();if(!confirmation_content){confirmation_content = contents;}jQuery('#gform_wrapper_10').replaceWith(confirmation_content);jQuery(document).scrollTop(jQuery('#gf_10').offset().top - mt);jQuery(document).trigger('gform_confirmation_loaded', [10]);window['gf_submitting_10'] = false;wp.a11y.speak(jQuery('#gform_confirmation_message_10').text());}else{jQuery('#gform_10').append(contents);if(window['gformRedirect']) {gformRedirect();}}jQuery(document).trigger(\"gform_pre_post_render\", [{ formId: \"10\", currentPage: \"current_page\", abort: function() { this.preventDefault(); } }]);                if (event && event.defaultPrevented) {                return;         }        const gformWrapperDiv = document.getElementById( \"gform_wrapper_10\" );        if ( gformWrapperDiv ) {            const visibilitySpan = document.createElement( \"span\" );            visibilitySpan.id = \"gform_visibility_test_10\";            gformWrapperDiv.insertAdjacentElement( \"afterend\", visibilitySpan );        }        const visibilityTestDiv = document.getElementById( \"gform_visibility_test_10\" );        let postRenderFired = false;                function triggerPostRender() {            if ( postRenderFired ) {                return;            }            postRenderFired = true;            jQuery( document ).trigger( 'gform_post_render', [10, current_page] );            gform.utils.trigger( { event: 'gform\/postRender', native: false, data: { formId: 10, currentPage: current_page } } );            if ( visibilityTestDiv ) {                visibilityTestDiv.parentNode.removeChild( visibilityTestDiv );            }        }        function debounce( func, wait, immediate ) {            var timeout;            return function() {                var context = this, args = arguments;                var later = function() {                    timeout = null;                    if ( !immediate ) func.apply( context, args );                };                var callNow = immediate && !timeout;                clearTimeout( timeout );                timeout = setTimeout( later, wait );                if ( callNow ) func.apply( context, args );            };        }        const debouncedTriggerPostRender = debounce( function() {            triggerPostRender();        }, 200 );        if ( visibilityTestDiv && visibilityTestDiv.offsetParent === null ) {            const observer = new MutationObserver( ( mutations ) => {                mutations.forEach( ( mutation ) => {                    if ( mutation.type === 'attributes' && visibilityTestDiv.offsetParent !== null ) {                        debouncedTriggerPostRender();                        observer.disconnect();                    }                });            });            observer.observe( document.body, {                attributes: true,                childList: false,                subtree: true,                attributeFilter: [ 'style', 'class' ],            });        } else {            triggerPostRender();        }    } );} ); \n\/* ]]> *\/\n<\/script>\n<\/center><span style=\"border-radius: 2px; text-indent: 20px; width: auto; padding: 0px 4px 0px 0px; text-align: center; font: bold 11px\/20px 'Helvetica Neue',Helvetica,sans-serif; color: #ffffff; background: #bd081c no-repeat scroll 3px 50% \/ 14px 14px; position: absolute; opacity: 1; z-index: 8675309; display: none; cursor: pointer;\">Save<\/span><\/p>\n<p><span style=\"border-radius: 2px; text-indent: 20px; width: auto; padding: 0px 4px 0px 0px; text-align: center; font: bold 11px\/20px 'Helvetica Neue',Helvetica,sans-serif; color: #ffffff; background: #bd081c no-repeat scroll 3px 50% \/ 14px 14px; position: absolute; opacity: 1; z-index: 8675309; display: none; cursor: pointer;\">Save<\/span><\/p>\n","protected":false},"excerpt":{"rendered":"<p>Nous sommes l\u00e0 pour vous aider \u00e0 planifier les prochaines \u00e9tapes de votre projet d\u2019achat ou de vente. Communiquez avec nous d\u00e8s aujourd\u2019hui! &nbsp; 514 934-2480 christina@christinamiller.ca Save Save<\/p>\n","protected":false},"author":1,"featured_media":0,"parent":0,"menu_order":0,"comment_status":"closed","ping_status":"closed","template":"","meta":{"_acf_changed":false,"content-type":"","_genesis_hide_title":false,"_genesis_hide_breadcrumbs":false,"_genesis_hide_singular_image":false,"_genesis_hide_footer_widgets":false,"_genesis_custom_body_class":"","_genesis_custom_post_class":"","_genesis_layout":"","footnotes":""},"class_list":{"0":"post-721","1":"page","2":"type-page","3":"status-publish","5":"entry"},"acf":[],"yoast_head":"<!-- This site is optimized with the Yoast SEO plugin v23.2 - https:\/\/yoast.com\/wordpress\/plugins\/seo\/ -->\n<title>Vous pouvez nous joindre par t\u00e9l\u00e9phone, message texte ou courriel! - Christina Miller<\/title>\n<meta name=\"robots\" content=\"index, follow, max-snippet:-1, max-image-preview:large, max-video-preview:-1\" \/>\n<link rel=\"canonical\" href=\"https:\/\/christinamiller.ca\/talk-text-email-or-livechat\/\" \/>\n<meta property=\"og:locale\" content=\"fr_FR\" \/>\n<meta property=\"og:type\" content=\"article\" \/>\n<meta property=\"og:title\" content=\"Vous pouvez nous joindre par t\u00e9l\u00e9phone, message texte ou courriel! - Christina Miller\" \/>\n<meta property=\"og:description\" content=\"Nous sommes l\u00e0 pour vous aider \u00e0 planifier les prochaines \u00e9tapes de votre projet d\u2019achat ou de vente. Communiquez avec nous d\u00e8s aujourd\u2019hui! &nbsp; 514 934-2480 christina@christinamiller.ca Save Save\" \/>\n<meta property=\"og:url\" content=\"https:\/\/christinamiller.ca\/talk-text-email-or-livechat\/\" \/>\n<meta property=\"og:site_name\" content=\"Christina Miller\" \/>\n<meta property=\"article:modified_time\" content=\"2020-01-09T20:13:43+00:00\" \/>\n<meta name=\"twitter:card\" content=\"summary_large_image\" \/>\n<script type=\"application\/ld+json\" class=\"yoast-schema-graph\">{\"@context\":\"https:\/\/schema.org\",\"@graph\":[{\"@type\":\"WebPage\",\"@id\":\"https:\/\/christinamiller.ca\/talk-text-email-or-livechat\/\",\"url\":\"https:\/\/christinamiller.ca\/talk-text-email-or-livechat\/\",\"name\":\"Vous pouvez nous joindre par t\u00e9l\u00e9phone, message texte ou courriel! - Christina Miller\",\"isPartOf\":{\"@id\":\"https:\/\/christinamiller.ca\/#website\"},\"datePublished\":\"2016-04-19T19:18:37+00:00\",\"dateModified\":\"2020-01-09T20:13:43+00:00\",\"breadcrumb\":{\"@id\":\"https:\/\/christinamiller.ca\/talk-text-email-or-livechat\/#breadcrumb\"},\"inLanguage\":\"fr-FR\",\"potentialAction\":[{\"@type\":\"ReadAction\",\"target\":[\"https:\/\/christinamiller.ca\/talk-text-email-or-livechat\/\"]}]},{\"@type\":\"BreadcrumbList\",\"@id\":\"https:\/\/christinamiller.ca\/talk-text-email-or-livechat\/#breadcrumb\",\"itemListElement\":[{\"@type\":\"ListItem\",\"position\":1,\"name\":\"Home\",\"item\":\"https:\/\/christinamiller.ca\/fr\/\"},{\"@type\":\"ListItem\",\"position\":2,\"name\":\"Vous pouvez nous joindre par t\u00e9l\u00e9phone, message texte ou courriel!\"}]},{\"@type\":\"WebSite\",\"@id\":\"https:\/\/christinamiller.ca\/#website\",\"url\":\"https:\/\/christinamiller.ca\/\",\"name\":\"Christina Miller\",\"description\":\"Certified Real Estate Broker\",\"potentialAction\":[{\"@type\":\"SearchAction\",\"target\":{\"@type\":\"EntryPoint\",\"urlTemplate\":\"https:\/\/christinamiller.ca\/?s={search_term_string}\"},\"query-input\":\"required name=search_term_string\"}],\"inLanguage\":\"fr-FR\"}]}<\/script>\n<!-- \/ Yoast SEO plugin. -->","yoast_head_json":{"title":"Vous pouvez nous joindre par t\u00e9l\u00e9phone, message texte ou courriel! - Christina Miller","robots":{"index":"index","follow":"follow","max-snippet":"max-snippet:-1","max-image-preview":"max-image-preview:large","max-video-preview":"max-video-preview:-1"},"canonical":"https:\/\/christinamiller.ca\/talk-text-email-or-livechat\/","og_locale":"fr_FR","og_type":"article","og_title":"Vous pouvez nous joindre par t\u00e9l\u00e9phone, message texte ou courriel! - Christina Miller","og_description":"Nous sommes l\u00e0 pour vous aider \u00e0 planifier les prochaines \u00e9tapes de votre projet d\u2019achat ou de vente. Communiquez avec nous d\u00e8s aujourd\u2019hui! &nbsp; 514 934-2480 christina@christinamiller.ca Save Save","og_url":"https:\/\/christinamiller.ca\/talk-text-email-or-livechat\/","og_site_name":"Christina Miller","article_modified_time":"2020-01-09T20:13:43+00:00","twitter_card":"summary_large_image","schema":{"@context":"https:\/\/schema.org","@graph":[{"@type":"WebPage","@id":"https:\/\/christinamiller.ca\/talk-text-email-or-livechat\/","url":"https:\/\/christinamiller.ca\/talk-text-email-or-livechat\/","name":"Vous pouvez nous joindre par t\u00e9l\u00e9phone, message texte ou courriel! - Christina Miller","isPartOf":{"@id":"https:\/\/christinamiller.ca\/#website"},"datePublished":"2016-04-19T19:18:37+00:00","dateModified":"2020-01-09T20:13:43+00:00","breadcrumb":{"@id":"https:\/\/christinamiller.ca\/talk-text-email-or-livechat\/#breadcrumb"},"inLanguage":"fr-FR","potentialAction":[{"@type":"ReadAction","target":["https:\/\/christinamiller.ca\/talk-text-email-or-livechat\/"]}]},{"@type":"BreadcrumbList","@id":"https:\/\/christinamiller.ca\/talk-text-email-or-livechat\/#breadcrumb","itemListElement":[{"@type":"ListItem","position":1,"name":"Home","item":"https:\/\/christinamiller.ca\/fr\/"},{"@type":"ListItem","position":2,"name":"Vous pouvez nous joindre par t\u00e9l\u00e9phone, message texte ou courriel!"}]},{"@type":"WebSite","@id":"https:\/\/christinamiller.ca\/#website","url":"https:\/\/christinamiller.ca\/","name":"Christina Miller","description":"Certified Real Estate Broker","potentialAction":[{"@type":"SearchAction","target":{"@type":"EntryPoint","urlTemplate":"https:\/\/christinamiller.ca\/?s={search_term_string}"},"query-input":"required name=search_term_string"}],"inLanguage":"fr-FR"}]}},"_links":{"self":[{"href":"https:\/\/christinamiller.ca\/fr\/wp-json\/wp\/v2\/pages\/721"}],"collection":[{"href":"https:\/\/christinamiller.ca\/fr\/wp-json\/wp\/v2\/pages"}],"about":[{"href":"https:\/\/christinamiller.ca\/fr\/wp-json\/wp\/v2\/types\/page"}],"author":[{"embeddable":true,"href":"https:\/\/christinamiller.ca\/fr\/wp-json\/wp\/v2\/users\/1"}],"replies":[{"embeddable":true,"href":"https:\/\/christinamiller.ca\/fr\/wp-json\/wp\/v2\/comments?post=721"}],"version-history":[{"count":6,"href":"https:\/\/christinamiller.ca\/fr\/wp-json\/wp\/v2\/pages\/721\/revisions"}],"predecessor-version":[{"id":3272,"href":"https:\/\/christinamiller.ca\/fr\/wp-json\/wp\/v2\/pages\/721\/revisions\/3272"}],"wp:attachment":[{"href":"https:\/\/christinamiller.ca\/fr\/wp-json\/wp\/v2\/media?parent=721"}],"curies":[{"name":"wp","href":"https:\/\/api.w.org\/{rel}","templated":true}]}}