{"id":715,"date":"2016-04-19T19:08:09","date_gmt":"2016-04-19T19:08:09","guid":{"rendered":"https:\/\/christinamiller.ca.php56-22.dfw3-2.websitetestlink.com\/?page_id=715&#038;lang=fr"},"modified":"2020-01-06T20:40:06","modified_gmt":"2020-01-06T20:40:06","slug":"proprietes-exclusives","status":"publish","type":"page","link":"https:\/\/christinamiller.ca\/fr\/proprietes-exclusives\/","title":{"rendered":"Propri\u00e9t\u00e9s exclusives"},"content":{"rendered":"<div class=\"post_content_423\">\n<p style=\"text-align: center; margin-top: 60px;\">Exclusivement v\u00f4tres. D\u00e9couvrez les propri\u00e9t\u00e9s que vous ne trouverez nulle part ailleurs.<\/p>\n<\/div>\n<div class=\"wp-listings-shortcode\"><div class=\"listing-wrap  first\"><div class=\"listing-widget-thumb\"><a href=\"https:\/\/christinamiller.ca\/fr\/exclusive\/41-burton-victoria-village\/\" class=\"listing-image-link\"><img loading=\"lazy\" decoding=\"async\" width=\"560\" height=\"380\" src=\"\/wp-content\/uploads\/2023\/09\/002-41-Burton-2-of-76-560x380.jpg\" class=\"attachment-listings size-listings wp-post-image\" alt=\"\" \/><\/a><span class=\"listing-status actif\">Actif<\/span><div class=\"listing-thumb-meta\"><span class=\"listing-property-type\">Residential<\/span><span class=\"listing-price\">1,690,000<\/span><\/div><!-- .listing-thumb-meta --><\/div><!-- .listing-widget-thumb --><div class=\"listing-widget-details\"><h3 class=\"listing-title\"><a href=\"https:\/\/christinamiller.ca\/fr\/exclusive\/41-burton-victoria-village\/\">41 Burton Avenue, Victoria Village, Westmount<\/a><\/h3><p class=\"listing-address\"><span class=\"listing-address\">41 Burton Avenue<\/span><br \/><span class=\"listing-city-state-zip\">Westmount, Quebec <\/span><\/p><ul class=\"listing-beds-baths-sqft\"><li class=\"beds\">4+1<span>Beds<\/span><\/li> <li class=\"baths\">2+1<span>Baths<\/span><\/li> <li class=\"sqft\">1867<span>Square Feet<\/span><\/li><\/ul><\/div><!-- .listing-widget-details --><\/div><!-- .listing-wrap --><\/div><!-- .wp-listings-shortcode -->\n","protected":false},"excerpt":{"rendered":"<p>Exclusivement v\u00f4tres. D\u00e9couvrez les propri\u00e9t\u00e9s que vous ne trouverez nulle part ailleurs.<\/p>\n","protected":false},"author":1,"featured_media":0,"parent":0,"menu_order":0,"comment_status":"closed","ping_status":"closed","template":"","meta":{"_acf_changed":false,"content-type":"","_genesis_hide_title":false,"_genesis_hide_breadcrumbs":false,"_genesis_hide_singular_image":false,"_genesis_hide_footer_widgets":false,"_genesis_custom_body_class":"","_genesis_custom_post_class":"","_genesis_layout":"content-sidebar","footnotes":""},"class_list":{"0":"post-715","1":"page","2":"type-page","3":"status-publish","5":"entry"},"acf":[],"yoast_head":"<!-- This site is optimized with the Yoast SEO plugin v23.2 - https:\/\/yoast.com\/wordpress\/plugins\/seo\/ -->\n<title>Propri\u00e9t\u00e9s exclusives - Christina Miller<\/title>\n<meta name=\"robots\" content=\"index, follow, max-snippet:-1, max-image-preview:large, max-video-preview:-1\" \/>\n<link rel=\"canonical\" href=\"https:\/\/christinamiller.ca\/exclusive-listings\/\" \/>\n<meta property=\"og:locale\" content=\"fr_FR\" \/>\n<meta property=\"og:type\" content=\"article\" \/>\n<meta property=\"og:title\" content=\"Propri\u00e9t\u00e9s exclusives - Christina Miller\" \/>\n<meta property=\"og:description\" content=\"Exclusivement v\u00f4tres. D\u00e9couvrez les propri\u00e9t\u00e9s que vous ne trouverez nulle part ailleurs.\" \/>\n<meta property=\"og:url\" content=\"https:\/\/christinamiller.ca\/exclusive-listings\/\" \/>\n<meta property=\"og:site_name\" content=\"Christina Miller\" \/>\n<meta property=\"article:modified_time\" content=\"2020-01-06T20:40:06+00:00\" \/>\n<meta name=\"twitter:card\" content=\"summary_large_image\" \/>\n<script type=\"application\/ld+json\" class=\"yoast-schema-graph\">{\"@context\":\"https:\/\/schema.org\",\"@graph\":[{\"@type\":\"WebPage\",\"@id\":\"https:\/\/christinamiller.ca\/exclusive-listings\/\",\"url\":\"https:\/\/christinamiller.ca\/exclusive-listings\/\",\"name\":\"Propri\u00e9t\u00e9s exclusives - Christina Miller\",\"isPartOf\":{\"@id\":\"https:\/\/christinamiller.ca\/#website\"},\"datePublished\":\"2016-04-19T19:08:09+00:00\",\"dateModified\":\"2020-01-06T20:40:06+00:00\",\"breadcrumb\":{\"@id\":\"https:\/\/christinamiller.ca\/exclusive-listings\/#breadcrumb\"},\"inLanguage\":\"fr-FR\",\"potentialAction\":[{\"@type\":\"ReadAction\",\"target\":[\"https:\/\/christinamiller.ca\/exclusive-listings\/\"]}]},{\"@type\":\"BreadcrumbList\",\"@id\":\"https:\/\/christinamiller.ca\/exclusive-listings\/#breadcrumb\",\"itemListElement\":[{\"@type\":\"ListItem\",\"position\":1,\"name\":\"Home\",\"item\":\"https:\/\/christinamiller.ca\/fr\/\"},{\"@type\":\"ListItem\",\"position\":2,\"name\":\"Propri\u00e9t\u00e9s exclusives\"}]},{\"@type\":\"WebSite\",\"@id\":\"https:\/\/christinamiller.ca\/#website\",\"url\":\"https:\/\/christinamiller.ca\/\",\"name\":\"Christina Miller\",\"description\":\"Certified Real Estate Broker\",\"potentialAction\":[{\"@type\":\"SearchAction\",\"target\":{\"@type\":\"EntryPoint\",\"urlTemplate\":\"https:\/\/christinamiller.ca\/?s={search_term_string}\"},\"query-input\":\"required name=search_term_string\"}],\"inLanguage\":\"fr-FR\"}]}<\/script>\n<!-- \/ Yoast SEO plugin. -->","yoast_head_json":{"title":"Propri\u00e9t\u00e9s exclusives - Christina Miller","robots":{"index":"index","follow":"follow","max-snippet":"max-snippet:-1","max-image-preview":"max-image-preview:large","max-video-preview":"max-video-preview:-1"},"canonical":"https:\/\/christinamiller.ca\/exclusive-listings\/","og_locale":"fr_FR","og_type":"article","og_title":"Propri\u00e9t\u00e9s exclusives - Christina Miller","og_description":"Exclusivement v\u00f4tres. D\u00e9couvrez les propri\u00e9t\u00e9s que vous ne trouverez nulle part ailleurs.","og_url":"https:\/\/christinamiller.ca\/exclusive-listings\/","og_site_name":"Christina Miller","article_modified_time":"2020-01-06T20:40:06+00:00","twitter_card":"summary_large_image","schema":{"@context":"https:\/\/schema.org","@graph":[{"@type":"WebPage","@id":"https:\/\/christinamiller.ca\/exclusive-listings\/","url":"https:\/\/christinamiller.ca\/exclusive-listings\/","name":"Propri\u00e9t\u00e9s exclusives - Christina Miller","isPartOf":{"@id":"https:\/\/christinamiller.ca\/#website"},"datePublished":"2016-04-19T19:08:09+00:00","dateModified":"2020-01-06T20:40:06+00:00","breadcrumb":{"@id":"https:\/\/christinamiller.ca\/exclusive-listings\/#breadcrumb"},"inLanguage":"fr-FR","potentialAction":[{"@type":"ReadAction","target":["https:\/\/christinamiller.ca\/exclusive-listings\/"]}]},{"@type":"BreadcrumbList","@id":"https:\/\/christinamiller.ca\/exclusive-listings\/#breadcrumb","itemListElement":[{"@type":"ListItem","position":1,"name":"Home","item":"https:\/\/christinamiller.ca\/fr\/"},{"@type":"ListItem","position":2,"name":"Propri\u00e9t\u00e9s exclusives"}]},{"@type":"WebSite","@id":"https:\/\/christinamiller.ca\/#website","url":"https:\/\/christinamiller.ca\/","name":"Christina Miller","description":"Certified Real Estate Broker","potentialAction":[{"@type":"SearchAction","target":{"@type":"EntryPoint","urlTemplate":"https:\/\/christinamiller.ca\/?s={search_term_string}"},"query-input":"required name=search_term_string"}],"inLanguage":"fr-FR"}]}},"_links":{"self":[{"href":"https:\/\/christinamiller.ca\/fr\/wp-json\/wp\/v2\/pages\/715"}],"collection":[{"href":"https:\/\/christinamiller.ca\/fr\/wp-json\/wp\/v2\/pages"}],"about":[{"href":"https:\/\/christinamiller.ca\/fr\/wp-json\/wp\/v2\/types\/page"}],"author":[{"embeddable":true,"href":"https:\/\/christinamiller.ca\/fr\/wp-json\/wp\/v2\/users\/1"}],"replies":[{"embeddable":true,"href":"https:\/\/christinamiller.ca\/fr\/wp-json\/wp\/v2\/comments?post=715"}],"version-history":[{"count":10,"href":"https:\/\/christinamiller.ca\/fr\/wp-json\/wp\/v2\/pages\/715\/revisions"}],"predecessor-version":[{"id":2571,"href":"https:\/\/christinamiller.ca\/fr\/wp-json\/wp\/v2\/pages\/715\/revisions\/2571"}],"wp:attachment":[{"href":"https:\/\/christinamiller.ca\/fr\/wp-json\/wp\/v2\/media?parent=715"}],"curies":[{"name":"wp","href":"https:\/\/api.w.org\/{rel}","templated":true}]}}