{"id":711,"date":"2016-04-19T19:03:04","date_gmt":"2016-04-19T19:03:04","guid":{"rendered":"https:\/\/christinamiller.ca.php56-22.dfw3-2.websitetestlink.com\/?page_id=711&#038;lang=fr"},"modified":"2018-04-18T15:41:43","modified_gmt":"2018-04-18T15:41:43","slug":"quest-ce-qui-nous-distingue-lorsque-vous-demenagez-du-point-a-au-point-b-nous-vous-accompagnons-de-a-a-z","status":"publish","type":"page","link":"https:\/\/christinamiller.ca\/fr\/quest-ce-qui-nous-distingue-lorsque-vous-demenagez-du-point-a-au-point-b-nous-vous-accompagnons-de-a-a-z\/","title":{"rendered":"Qu\u2019est-ce qui nous distingue? Lorsque vous d\u00e9m\u00e9nagez du point A au point B, nous vous accompagnons de A \u00e0 Z."},"content":{"rendered":"<p>Nous vous offrons tous les services immobiliers dont vous avez besoin&#8230; sous un m\u00eame toit.<\/p>\n<p>Nous sommes des courtiers locaux offrant toujours un service complet et ayant le souci d\u2019offrir le plus haut niveau de service \u00e0 la client\u00e8le, d\u2019int\u00e9grit\u00e9 et d\u2019expertise. Que ce soit gr\u00e2ce \u00e0 nos petites attentions ou \u00e0 notre approche chaleureuse, vous n\u2019aurez aucun souci \u00e0 vous faire et pourrez appr\u00e9cier cette nouvelle \u00e9tape de votre vie.<\/p>\n<p>Nous faisons en sorte que le processus d\u2019achat ou de vente d\u2019une propri\u00e9t\u00e9 soit pour vous une exp\u00e9rience sens\u00e9e, harmonieuse et libre de stress.<\/p>\n<p>La d\u00e9termination de la valeur de votre propri\u00e9t\u00e9 et du prix de vente est un art et une science. Notre connaissance approfondie du march\u00e9 local, notre suivi quotidien des activit\u00e9s de vente et des nouvelles propri\u00e9t\u00e9s sur le march\u00e9 ainsi que notre vue d\u2019ensemble du march\u00e9 soigneusement \u00e9tudi\u00e9e vous aideront \u00e0 obtenir le meilleur prix pour votre propri\u00e9t\u00e9. Nous nous faisons un devoir de sillonner les rues et de visiter chacune des maisons sur le march\u00e9 \u00e0 Westmount, sans exception.<\/p>\n<p>Nous effectuons le suivi quotidien\u2026<\/p>\n<p>\u2022 des statistiques<br \/>\n\u2022 des nouvelles propri\u00e9t\u00e9s sur le march\u00e9<br \/>\n\u2022 du total des ventes de l\u2019ann\u00e9e en cours<br \/>\n\u2022 du temps moyen de vente<\/p>\n<p>\u2026 pour nous assurer de demeurer en tout temps LES EXPERTS dans ce march\u00e9 tr\u00e8s concurrentiel.<\/p>\n<p>Tirez parti de nos recherches, de nos id\u00e9es, de notre vaste connaissance des donn\u00e9es et des tendances de l\u2019industrie, ainsi que de nos onze ann\u00e9es d\u2019exp\u00e9rience dans le secteur de l\u2019immobilier.<\/p>\n","protected":false},"excerpt":{"rendered":"<p>Nous vous offrons tous les services immobiliers dont vous avez besoin&#8230; sous un m\u00eame toit. Nous sommes des courtiers locaux offrant toujours un service complet et ayant le souci d\u2019offrir le plus haut niveau de service \u00e0 la client\u00e8le, d\u2019int\u00e9grit\u00e9 et d\u2019expertise. Que ce soit gr\u00e2ce \u00e0 nos petites attentions ou \u00e0 notre approche chaleureuse, [&hellip;]<\/p>\n","protected":false},"author":1,"featured_media":0,"parent":0,"menu_order":0,"comment_status":"closed","ping_status":"closed","template":"","meta":{"_acf_changed":false,"content-type":"","_genesis_hide_title":false,"_genesis_hide_breadcrumbs":false,"_genesis_hide_singular_image":false,"_genesis_hide_footer_widgets":false,"_genesis_custom_body_class":"","_genesis_custom_post_class":"","_genesis_layout":"content-sidebar","footnotes":""},"class_list":{"0":"post-711","1":"page","2":"type-page","3":"status-publish","5":"entry"},"acf":[],"yoast_head":"<!-- This site is optimized with the Yoast SEO plugin v23.2 - https:\/\/yoast.com\/wordpress\/plugins\/seo\/ -->\n<title>Qu\u2019est-ce qui nous distingue? Lorsque vous d\u00e9m\u00e9nagez du point A au point B, nous vous accompagnons de A \u00e0 Z. - Christina Miller<\/title>\n<meta name=\"robots\" content=\"index, follow, max-snippet:-1, max-image-preview:large, max-video-preview:-1\" \/>\n<link rel=\"canonical\" href=\"https:\/\/christinamiller.ca\/fr\/quest-ce-qui-nous-distingue-lorsque-vous-demenagez-du-point-a-au-point-b-nous-vous-accompagnons-de-a-a-z\/\" \/>\n<meta property=\"og:locale\" content=\"fr_FR\" \/>\n<meta property=\"og:type\" content=\"article\" \/>\n<meta property=\"og:title\" content=\"Qu\u2019est-ce qui nous distingue? Lorsque vous d\u00e9m\u00e9nagez du point A au point B, nous vous accompagnons de A \u00e0 Z. - Christina Miller\" \/>\n<meta property=\"og:description\" content=\"Nous vous offrons tous les services immobiliers dont vous avez besoin&#8230; sous un m\u00eame toit. Nous sommes des courtiers locaux offrant toujours un service complet et ayant le souci d\u2019offrir le plus haut niveau de service \u00e0 la client\u00e8le, d\u2019int\u00e9grit\u00e9 et d\u2019expertise. Que ce soit gr\u00e2ce \u00e0 nos petites attentions ou \u00e0 notre approche chaleureuse, [&hellip;]\" \/>\n<meta property=\"og:url\" content=\"https:\/\/christinamiller.ca\/fr\/quest-ce-qui-nous-distingue-lorsque-vous-demenagez-du-point-a-au-point-b-nous-vous-accompagnons-de-a-a-z\/\" \/>\n<meta property=\"og:site_name\" content=\"Christina Miller\" \/>\n<meta property=\"article:modified_time\" content=\"2018-04-18T15:41:43+00:00\" \/>\n<meta name=\"twitter:card\" content=\"summary_large_image\" \/>\n<meta name=\"twitter:label1\" content=\"Dur\u00e9e de lecture estim\u00e9e\" \/>\n\t<meta name=\"twitter:data1\" content=\"1 minute\" \/>\n<script type=\"application\/ld+json\" class=\"yoast-schema-graph\">{\"@context\":\"https:\/\/schema.org\",\"@graph\":[{\"@type\":\"WebPage\",\"@id\":\"https:\/\/christinamiller.ca\/fr\/quest-ce-qui-nous-distingue-lorsque-vous-demenagez-du-point-a-au-point-b-nous-vous-accompagnons-de-a-a-z\/\",\"url\":\"https:\/\/christinamiller.ca\/fr\/quest-ce-qui-nous-distingue-lorsque-vous-demenagez-du-point-a-au-point-b-nous-vous-accompagnons-de-a-a-z\/\",\"name\":\"Qu\u2019est-ce qui nous distingue? Lorsque vous d\u00e9m\u00e9nagez du point A au point B, nous vous accompagnons de A \u00e0 Z. - Christina Miller\",\"isPartOf\":{\"@id\":\"https:\/\/christinamiller.ca\/#website\"},\"datePublished\":\"2016-04-19T19:03:04+00:00\",\"dateModified\":\"2018-04-18T15:41:43+00:00\",\"breadcrumb\":{\"@id\":\"https:\/\/christinamiller.ca\/fr\/quest-ce-qui-nous-distingue-lorsque-vous-demenagez-du-point-a-au-point-b-nous-vous-accompagnons-de-a-a-z\/#breadcrumb\"},\"inLanguage\":\"fr-FR\",\"potentialAction\":[{\"@type\":\"ReadAction\",\"target\":[\"https:\/\/christinamiller.ca\/fr\/quest-ce-qui-nous-distingue-lorsque-vous-demenagez-du-point-a-au-point-b-nous-vous-accompagnons-de-a-a-z\/\"]}]},{\"@type\":\"BreadcrumbList\",\"@id\":\"https:\/\/christinamiller.ca\/fr\/quest-ce-qui-nous-distingue-lorsque-vous-demenagez-du-point-a-au-point-b-nous-vous-accompagnons-de-a-a-z\/#breadcrumb\",\"itemListElement\":[{\"@type\":\"ListItem\",\"position\":1,\"name\":\"Home\",\"item\":\"https:\/\/christinamiller.ca\/fr\/\"},{\"@type\":\"ListItem\",\"position\":2,\"name\":\"Qu\u2019est-ce qui nous distingue? Lorsque vous d\u00e9m\u00e9nagez du point A au point B, nous vous accompagnons de A \u00e0 Z.\"}]},{\"@type\":\"WebSite\",\"@id\":\"https:\/\/christinamiller.ca\/#website\",\"url\":\"https:\/\/christinamiller.ca\/\",\"name\":\"Christina Miller\",\"description\":\"Certified Real Estate Broker\",\"potentialAction\":[{\"@type\":\"SearchAction\",\"target\":{\"@type\":\"EntryPoint\",\"urlTemplate\":\"https:\/\/christinamiller.ca\/?s={search_term_string}\"},\"query-input\":\"required name=search_term_string\"}],\"inLanguage\":\"fr-FR\"}]}<\/script>\n<!-- \/ Yoast SEO plugin. -->","yoast_head_json":{"title":"Qu\u2019est-ce qui nous distingue? Lorsque vous d\u00e9m\u00e9nagez du point A au point B, nous vous accompagnons de A \u00e0 Z. - Christina Miller","robots":{"index":"index","follow":"follow","max-snippet":"max-snippet:-1","max-image-preview":"max-image-preview:large","max-video-preview":"max-video-preview:-1"},"canonical":"https:\/\/christinamiller.ca\/fr\/quest-ce-qui-nous-distingue-lorsque-vous-demenagez-du-point-a-au-point-b-nous-vous-accompagnons-de-a-a-z\/","og_locale":"fr_FR","og_type":"article","og_title":"Qu\u2019est-ce qui nous distingue? Lorsque vous d\u00e9m\u00e9nagez du point A au point B, nous vous accompagnons de A \u00e0 Z. - Christina Miller","og_description":"Nous vous offrons tous les services immobiliers dont vous avez besoin&#8230; sous un m\u00eame toit. Nous sommes des courtiers locaux offrant toujours un service complet et ayant le souci d\u2019offrir le plus haut niveau de service \u00e0 la client\u00e8le, d\u2019int\u00e9grit\u00e9 et d\u2019expertise. Que ce soit gr\u00e2ce \u00e0 nos petites attentions ou \u00e0 notre approche chaleureuse, [&hellip;]","og_url":"https:\/\/christinamiller.ca\/fr\/quest-ce-qui-nous-distingue-lorsque-vous-demenagez-du-point-a-au-point-b-nous-vous-accompagnons-de-a-a-z\/","og_site_name":"Christina Miller","article_modified_time":"2018-04-18T15:41:43+00:00","twitter_card":"summary_large_image","twitter_misc":{"Dur\u00e9e de lecture estim\u00e9e":"1 minute"},"schema":{"@context":"https:\/\/schema.org","@graph":[{"@type":"WebPage","@id":"https:\/\/christinamiller.ca\/fr\/quest-ce-qui-nous-distingue-lorsque-vous-demenagez-du-point-a-au-point-b-nous-vous-accompagnons-de-a-a-z\/","url":"https:\/\/christinamiller.ca\/fr\/quest-ce-qui-nous-distingue-lorsque-vous-demenagez-du-point-a-au-point-b-nous-vous-accompagnons-de-a-a-z\/","name":"Qu\u2019est-ce qui nous distingue? Lorsque vous d\u00e9m\u00e9nagez du point A au point B, nous vous accompagnons de A \u00e0 Z. - Christina Miller","isPartOf":{"@id":"https:\/\/christinamiller.ca\/#website"},"datePublished":"2016-04-19T19:03:04+00:00","dateModified":"2018-04-18T15:41:43+00:00","breadcrumb":{"@id":"https:\/\/christinamiller.ca\/fr\/quest-ce-qui-nous-distingue-lorsque-vous-demenagez-du-point-a-au-point-b-nous-vous-accompagnons-de-a-a-z\/#breadcrumb"},"inLanguage":"fr-FR","potentialAction":[{"@type":"ReadAction","target":["https:\/\/christinamiller.ca\/fr\/quest-ce-qui-nous-distingue-lorsque-vous-demenagez-du-point-a-au-point-b-nous-vous-accompagnons-de-a-a-z\/"]}]},{"@type":"BreadcrumbList","@id":"https:\/\/christinamiller.ca\/fr\/quest-ce-qui-nous-distingue-lorsque-vous-demenagez-du-point-a-au-point-b-nous-vous-accompagnons-de-a-a-z\/#breadcrumb","itemListElement":[{"@type":"ListItem","position":1,"name":"Home","item":"https:\/\/christinamiller.ca\/fr\/"},{"@type":"ListItem","position":2,"name":"Qu\u2019est-ce qui nous distingue? Lorsque vous d\u00e9m\u00e9nagez du point A au point B, nous vous accompagnons de A \u00e0 Z."}]},{"@type":"WebSite","@id":"https:\/\/christinamiller.ca\/#website","url":"https:\/\/christinamiller.ca\/","name":"Christina Miller","description":"Certified Real Estate Broker","potentialAction":[{"@type":"SearchAction","target":{"@type":"EntryPoint","urlTemplate":"https:\/\/christinamiller.ca\/?s={search_term_string}"},"query-input":"required name=search_term_string"}],"inLanguage":"fr-FR"}]}},"_links":{"self":[{"href":"https:\/\/christinamiller.ca\/fr\/wp-json\/wp\/v2\/pages\/711"}],"collection":[{"href":"https:\/\/christinamiller.ca\/fr\/wp-json\/wp\/v2\/pages"}],"about":[{"href":"https:\/\/christinamiller.ca\/fr\/wp-json\/wp\/v2\/types\/page"}],"author":[{"embeddable":true,"href":"https:\/\/christinamiller.ca\/fr\/wp-json\/wp\/v2\/users\/1"}],"replies":[{"embeddable":true,"href":"https:\/\/christinamiller.ca\/fr\/wp-json\/wp\/v2\/comments?post=711"}],"version-history":[{"count":5,"href":"https:\/\/christinamiller.ca\/fr\/wp-json\/wp\/v2\/pages\/711\/revisions"}],"predecessor-version":[{"id":2550,"href":"https:\/\/christinamiller.ca\/fr\/wp-json\/wp\/v2\/pages\/711\/revisions\/2550"}],"wp:attachment":[{"href":"https:\/\/christinamiller.ca\/fr\/wp-json\/wp\/v2\/media?parent=711"}],"curies":[{"name":"wp","href":"https:\/\/api.w.org\/{rel}","templated":true}]}}