{"id":682,"date":"2016-04-19T17:58:05","date_gmt":"2016-04-19T17:58:05","guid":{"rendered":"https:\/\/christinamiller.ca.php56-22.dfw3-2.websitetestlink.com\/?page_id=682&#038;lang=fr"},"modified":"2022-03-15T21:08:02","modified_gmt":"2022-03-15T21:08:02","slug":"a-propos-de-christina","status":"publish","type":"page","link":"https:\/\/christinamiller.ca\/fr\/a-propos-de-christina\/","title":{"rendered":"\u00c0 propos de Christina"},"content":{"rendered":"<p>Class\u00e9e parmi les meilleurs courtiers immobiliers de Westmount, Christina Miller a conclu des transactions immobili\u00e8res totalisant plus d&rsquo;un billion de dollars depuis 2006. La sp\u00e9cialiste de l\u2019immobilier de luxe \u00e0 Westmount attribue son succ\u00e8s \u00e0 sa volont\u00e9 d\u2019offrir un service \u00e0 la client\u00e8le, une int\u00e9grit\u00e9 et une expertise de niveau optimal \u00e0 ses clients afin que ceux-ci puissent tirer le meilleur parti de leur investissement de luxe.<\/p>\n<p>Fi\u00e8rement associ\u00e9s aux marques de prestige Profusion Immobilier et Christie\u2019s International Real Estate, Christina et ces affili\u00e9s exclusifs vous offrent une expertise du march\u00e9 local, une notori\u00e9t\u00e9 \u00e0 l\u2019\u00e9chelle internationale et un vaste r\u00e9seau de courtiers qui procurent un acc\u00e8s \u00e0 un vaste march\u00e9 et de nombreux avantages \u00e0 leurs clients.<\/p>\n<p>Christina consid\u00e8re chaque propri\u00e9t\u00e9 comme la sienne, et chaque client comme un membre de sa famille. Son quartier est votre quartier. Pour ces raisons, Christina est r\u00e9clam\u00e9e tant par les acheteurs que par les vendeurs.<\/p>\n<p>R\u00e9sidant \u00e0 Westmount depuis de nombreuses ann\u00e9es, Christina est la personne id\u00e9ale pour donner l\u2019heure juste \u00e0 ses clients \u00e0 propos du march\u00e9 local de l\u2019immobilier et du quartier vis\u00e9. C\u2019est aussi de cette fa\u00e7on qu\u2019elle parvient instinctivement \u00e0 trouver la maison de r\u00eave pour chacun de ses clients.<\/p>\n<p>Christina Miller, en bref&#8230;<\/p>\n<ul>\n<li>Plus d&rsquo;un billion de dollars en propri\u00e9t\u00e9s vendues depuis 2006;<\/li>\n<li>Plus de 2500 transactions depuis 2006;<\/li>\n<li>Le plus grand nombre de transactions et le plus grand volume de ventes \u00e0 titre de courtier dans Westmount en 2010, 2011, 2012, 2013 et 2014;<\/li>\n<li>16 ann\u00e9es d\u2019exp\u00e9rience dans le march\u00e9 de l\u2019immobilier<\/li>\n<\/ul>\n","protected":false},"excerpt":{"rendered":"<p>Class\u00e9e parmi les meilleurs courtiers immobiliers de Westmount, Christina Miller a conclu des transactions immobili\u00e8res totalisant plus d&rsquo;un billion de dollars depuis 2006. La sp\u00e9cialiste de l\u2019immobilier de luxe \u00e0 Westmount attribue son succ\u00e8s \u00e0 sa volont\u00e9 d\u2019offrir un service \u00e0 la client\u00e8le, une int\u00e9grit\u00e9 et une expertise de niveau optimal \u00e0 ses clients afin [&hellip;]<\/p>\n","protected":false},"author":1,"featured_media":0,"parent":0,"menu_order":0,"comment_status":"closed","ping_status":"closed","template":"","meta":{"_acf_changed":false,"content-type":"","_genesis_hide_title":false,"_genesis_hide_breadcrumbs":false,"_genesis_hide_singular_image":false,"_genesis_hide_footer_widgets":false,"_genesis_custom_body_class":"","_genesis_custom_post_class":"","_genesis_layout":"","footnotes":""},"class_list":{"0":"post-682","1":"page","2":"type-page","3":"status-publish","5":"entry"},"acf":[],"yoast_head":"<!-- This site is optimized with the Yoast SEO plugin v23.2 - https:\/\/yoast.com\/wordpress\/plugins\/seo\/ -->\n<title>\u00c0 propos de Christina - Christina Miller<\/title>\n<meta name=\"description\" content=\"Christina Miller immoblier a conclu des transactions immobili\u00e8res totalisant plus d&#039;un billion de dollars a Westmount et Montreal. Meilleurs courtiers immobiliers de Westmount et Montreal.\" \/>\n<meta name=\"robots\" content=\"index, follow, max-snippet:-1, max-image-preview:large, max-video-preview:-1\" \/>\n<link rel=\"canonical\" href=\"https:\/\/christinamiller.ca\/fr\/a-propos-de-christina\/\" \/>\n<meta property=\"og:locale\" content=\"fr_FR\" \/>\n<meta property=\"og:type\" content=\"article\" \/>\n<meta property=\"og:title\" content=\"\u00c0 propos de Christina - Christina Miller\" \/>\n<meta property=\"og:description\" content=\"Christina Miller immoblier a conclu des transactions immobili\u00e8res totalisant plus d&#039;un billion de dollars a Westmount et Montreal. Meilleurs courtiers immobiliers de Westmount et Montreal.\" \/>\n<meta property=\"og:url\" content=\"https:\/\/christinamiller.ca\/fr\/a-propos-de-christina\/\" \/>\n<meta property=\"og:site_name\" content=\"Christina Miller\" \/>\n<meta property=\"article:modified_time\" content=\"2022-03-15T21:08:02+00:00\" \/>\n<meta name=\"twitter:card\" content=\"summary_large_image\" \/>\n<meta name=\"twitter:label1\" content=\"Dur\u00e9e de lecture estim\u00e9e\" \/>\n\t<meta name=\"twitter:data1\" content=\"2 minutes\" \/>\n<script type=\"application\/ld+json\" class=\"yoast-schema-graph\">{\"@context\":\"https:\/\/schema.org\",\"@graph\":[{\"@type\":\"WebPage\",\"@id\":\"https:\/\/christinamiller.ca\/fr\/a-propos-de-christina\/\",\"url\":\"https:\/\/christinamiller.ca\/fr\/a-propos-de-christina\/\",\"name\":\"\u00c0 propos de Christina - Christina Miller\",\"isPartOf\":{\"@id\":\"https:\/\/christinamiller.ca\/#website\"},\"datePublished\":\"2016-04-19T17:58:05+00:00\",\"dateModified\":\"2022-03-15T21:08:02+00:00\",\"description\":\"Christina Miller immoblier a conclu des transactions immobili\u00e8res totalisant plus d'un billion de dollars a Westmount et Montreal. Meilleurs courtiers immobiliers de Westmount et Montreal.\",\"breadcrumb\":{\"@id\":\"https:\/\/christinamiller.ca\/fr\/a-propos-de-christina\/#breadcrumb\"},\"inLanguage\":\"fr-FR\",\"potentialAction\":[{\"@type\":\"ReadAction\",\"target\":[\"https:\/\/christinamiller.ca\/fr\/a-propos-de-christina\/\"]}]},{\"@type\":\"BreadcrumbList\",\"@id\":\"https:\/\/christinamiller.ca\/fr\/a-propos-de-christina\/#breadcrumb\",\"itemListElement\":[{\"@type\":\"ListItem\",\"position\":1,\"name\":\"Home\",\"item\":\"https:\/\/christinamiller.ca\/fr\/\"},{\"@type\":\"ListItem\",\"position\":2,\"name\":\"\u00c0 propos de Christina\"}]},{\"@type\":\"WebSite\",\"@id\":\"https:\/\/christinamiller.ca\/#website\",\"url\":\"https:\/\/christinamiller.ca\/\",\"name\":\"Christina Miller\",\"description\":\"Certified Real Estate Broker\",\"potentialAction\":[{\"@type\":\"SearchAction\",\"target\":{\"@type\":\"EntryPoint\",\"urlTemplate\":\"https:\/\/christinamiller.ca\/?s={search_term_string}\"},\"query-input\":\"required name=search_term_string\"}],\"inLanguage\":\"fr-FR\"}]}<\/script>\n<!-- \/ Yoast SEO plugin. -->","yoast_head_json":{"title":"\u00c0 propos de Christina - Christina Miller","description":"Christina Miller immoblier a conclu des transactions immobili\u00e8res totalisant plus d'un billion de dollars a Westmount et Montreal. Meilleurs courtiers immobiliers de Westmount et Montreal.","robots":{"index":"index","follow":"follow","max-snippet":"max-snippet:-1","max-image-preview":"max-image-preview:large","max-video-preview":"max-video-preview:-1"},"canonical":"https:\/\/christinamiller.ca\/fr\/a-propos-de-christina\/","og_locale":"fr_FR","og_type":"article","og_title":"\u00c0 propos de Christina - Christina Miller","og_description":"Christina Miller immoblier a conclu des transactions immobili\u00e8res totalisant plus d'un billion de dollars a Westmount et Montreal. Meilleurs courtiers immobiliers de Westmount et Montreal.","og_url":"https:\/\/christinamiller.ca\/fr\/a-propos-de-christina\/","og_site_name":"Christina Miller","article_modified_time":"2022-03-15T21:08:02+00:00","twitter_card":"summary_large_image","twitter_misc":{"Dur\u00e9e de lecture estim\u00e9e":"2 minutes"},"schema":{"@context":"https:\/\/schema.org","@graph":[{"@type":"WebPage","@id":"https:\/\/christinamiller.ca\/fr\/a-propos-de-christina\/","url":"https:\/\/christinamiller.ca\/fr\/a-propos-de-christina\/","name":"\u00c0 propos de Christina - Christina Miller","isPartOf":{"@id":"https:\/\/christinamiller.ca\/#website"},"datePublished":"2016-04-19T17:58:05+00:00","dateModified":"2022-03-15T21:08:02+00:00","description":"Christina Miller immoblier a conclu des transactions immobili\u00e8res totalisant plus d'un billion de dollars a Westmount et Montreal. Meilleurs courtiers immobiliers de Westmount et Montreal.","breadcrumb":{"@id":"https:\/\/christinamiller.ca\/fr\/a-propos-de-christina\/#breadcrumb"},"inLanguage":"fr-FR","potentialAction":[{"@type":"ReadAction","target":["https:\/\/christinamiller.ca\/fr\/a-propos-de-christina\/"]}]},{"@type":"BreadcrumbList","@id":"https:\/\/christinamiller.ca\/fr\/a-propos-de-christina\/#breadcrumb","itemListElement":[{"@type":"ListItem","position":1,"name":"Home","item":"https:\/\/christinamiller.ca\/fr\/"},{"@type":"ListItem","position":2,"name":"\u00c0 propos de Christina"}]},{"@type":"WebSite","@id":"https:\/\/christinamiller.ca\/#website","url":"https:\/\/christinamiller.ca\/","name":"Christina Miller","description":"Certified Real Estate Broker","potentialAction":[{"@type":"SearchAction","target":{"@type":"EntryPoint","urlTemplate":"https:\/\/christinamiller.ca\/?s={search_term_string}"},"query-input":"required name=search_term_string"}],"inLanguage":"fr-FR"}]}},"_links":{"self":[{"href":"https:\/\/christinamiller.ca\/fr\/wp-json\/wp\/v2\/pages\/682"}],"collection":[{"href":"https:\/\/christinamiller.ca\/fr\/wp-json\/wp\/v2\/pages"}],"about":[{"href":"https:\/\/christinamiller.ca\/fr\/wp-json\/wp\/v2\/types\/page"}],"author":[{"embeddable":true,"href":"https:\/\/christinamiller.ca\/fr\/wp-json\/wp\/v2\/users\/1"}],"replies":[{"embeddable":true,"href":"https:\/\/christinamiller.ca\/fr\/wp-json\/wp\/v2\/comments?post=682"}],"version-history":[{"count":5,"href":"https:\/\/christinamiller.ca\/fr\/wp-json\/wp\/v2\/pages\/682\/revisions"}],"predecessor-version":[{"id":4511,"href":"https:\/\/christinamiller.ca\/fr\/wp-json\/wp\/v2\/pages\/682\/revisions\/4511"}],"wp:attachment":[{"href":"https:\/\/christinamiller.ca\/fr\/wp-json\/wp\/v2\/media?parent=682"}],"curies":[{"name":"wp","href":"https:\/\/api.w.org\/{rel}","templated":true}]}}