{"id":1067,"date":"2016-04-28T13:35:04","date_gmt":"2016-04-28T13:35:04","guid":{"rendered":"https:\/\/christinamiller.ca.php56-22.dfw3-2.websitetestlink.com\/?page_id=1067&#038;lang=fr"},"modified":"2016-07-04T18:09:42","modified_gmt":"2016-07-04T18:09:42","slug":"view-listing-fr","status":"publish","type":"page","link":"https:\/\/christinamiller.ca\/fr\/view-listing-fr\/","title":{"rendered":"View Listing French"},"content":{"rendered":"<div class=\"bxslider listing-photos\"><\/div><div id=\"bx-pager\"><\/div><div class=\"view-listing-details-row\"><h1> -    <\/h1><hr><div style=\"display: none\" id=\"listing-number\"><\/div><h2>$0   |   #<\/h2><div class=\"detail-row\"><div><img decoding=\"async\" src=\"\/wp-content\/plugins\/centris-listings\/public\/img\/sqft.png\" style=\"width: 45px; vertical-align: middle\" \/>sq.ft.<\/div><div><img decoding=\"async\" src=\"\/wp-content\/plugins\/centris-listings\/public\/img\/bed_icon.png\"\/> + <\/div><div><img decoding=\"async\" style=\"width: 25px;\" src=\"\/wp-content\/plugins\/centris-listings\/public\/img\/bath_icon.png\"\/> + <\/div><\/div><\/div><div class=\"listing-details-container\"><div class=\"row\"><div class=\"content-listing\"><h4>COMMENTAIRES<\/h4><p><\/p>\n      <div id=\"tabs-container\">\n          <ul class=\"tabs-menu\">\n              <li class=\"current\"><a href=\"#about\">Sur<\/a><\/li>\n              <li><a href=\"#details\">D\u00e9tails<\/a><\/li>\n              <li><a href=\"#features\">Caract\u00e9ristiques<\/a><\/li>\n              <li><a href=\"#rooms\">Pi\u00e8ces<\/a><\/li>\n              <li><a href=\"#expenses\">\u00c9valuation , les charges et taxes<\/a><\/li>\n          <\/ul>\n          <div class=\"tab\">\n              <div id=\"about\" class=\"tab-content\"><h4>Inclusions<\/h4><br><h4>Exclusions<\/h4><\/div>\n              <div id=\"details\" class=\"tab-content\">              <div class=\"\">\n                <p><strong>Quartier: <\/strong> <span><\/span><\/p>\n                <p><strong>Nombre de chambres: <\/strong> <span><\/span><\/p>\n                <p><strong>Superficie du terrain: <\/strong> <span><\/span><\/p>\n                <p><strong>La taille du lot: <\/strong> <span><\/span><\/p>\n                <p><strong>Type de propri\u00e9t\u00e9: <\/strong> <span><\/span><\/p>\n                <p><strong>Type de b\u00e2timent: <\/strong> <span><\/span><\/p>\n                <p><strong>Dimensions du b\u00e2timent: <\/strong> <span> X <\/span><\/p><p><strong>Salon: <\/strong> <span> sq. ft.<\/span><\/p><\/div><\/div>\n              <div id=\"features\" class=\"tab-content\"><div><\/div><\/div>\n              <div id=\"rooms\" class=\"tab-content\"><table id=\"tblRoom\"><thead>\n                <th>Pi\u00e8ce<\/th>\n                <th>Dimensions<\/th>\n                <th>Type de plancher<\/th>\n                <th>D\u00e9tails<\/th>\n                <\/thead><tbody><\/tbody><\/table><\/div>\n          <div id=\"expenses\" class=\"tab-content\"><div class=\"expense_group\"><h4>Municipal Assessment<\/h4>An: <br>\u00c9valuation du b\u00e2timent: $ 0<br>\u00c9valuation du terrain: $ 0<br>Total: $ 0<\/div><div class=\"expense_group\"><h4>Taxes annuelles et d\u00e9penses<\/h4>Co\u00fbt de l\u00e9nergie: $ 0<br>Taxes Municipales: $ 0<br>Taxes scolaires: $ 0<br>Total: $ 0<\/div><\/div><\/div><\/div><div id=\"seethemap\"><iframe loading=\"lazy\"\n          width=\"100%\"\n          height=\"450\"\n          frameborder=\"0\" style=\"border:0\"\n          src=\"https:\/\/www.google.com\/maps\/embed\/v1\/place?key=AIzaSyCr6uQwswmS0-TJsj8Vrp9fPsmh9DODk8w&q=+-++++\" allowfullscreen>\n        <\/iframe><\/div><\/div><div class=\"side-listing\"><div id=\"seeMap\"><a href=\"#\" id=\"seethemaplink\" class=\"btn-bookhere btn\">VOIR LA CARTE<\/a><\/div><div style=\"clear:both\"><div class=\"center-div social-medias\" style=\"width: 282px;\"><a href=\"https:\/\/www.facebook.com\/Christina-Miller-Real-Estate-Group-410222982509164\/?fref=ts\"><i class=\"fa fa-facebook fa-2\" aria-hidden=\"true\"><\/i><\/a><a href=\"https:\/\/www.linkedin.com\/company\/1736923\" target=\"_blank\"><i class=\"fa fa-linkedin-square fa-2\" aria-hidden=\"true\"><\/i> <\/a><a href=\"https:\/\/www.instagram.com\/westmounthomes\/\"><i class=\"fa fa-instagram fa-2\" aria-hidden=\"true\"><\/i><\/a><a href=\"https:\/\/twitter.com\/westmounthomes\"><i class=\"fa fa-twitter fa-2\" aria-hidden=\"true\"><\/i><\/a><span style=\"font-size: 34px\">|<\/span><span class=\"st_sharethis_large\" displayText=\"ShareThis\"><\/span><a href=\"mailto:christina@christinamiller.ca\"><i class=\"fa fa-envelope fa-2\" aria-hidden=\"true\"><\/i><\/a><a href=\"#\"><i class=\"fa fa-print fa-2 btn-print\" aria-hidden=\"true\"><\/i><\/a><\/div><\/div><\/div><div style=\"clear:both; margin-bottom: 30px;\"><\/div><form method=\"POST\" action=\"\/wp-content\/plugins\/centris-listings\/public\/generatePdfFr.php\" id=\"frmCtnt\" name=\"frmCtnt\"><input hidden name=\"photo\" value=\"https:\/\/christinamiller.ca\"><input hidden name=\"agent_1\" value=\"\"><input hidden name=\"agent_email\" value=\"\"><input hidden name=\"agent_phone\" value=\"\"><input hidden name=\"agent_2\" value=\"\"><input hidden name=\"agent_email_2\" value=\"\"><input hidden name=\"agent_phone_2\" value=\"\"><input hidden name=\"sqftImg\" value=\"https:\/\/christinamiller.ca\/wp-content\/plugins\/centris-listings\/public\/img\/sqft.png\"><input hidden name=\"bathImg\" value=\"https:\/\/christinamiller.ca\/wp-content\/plugins\/centris-listings\/public\/img\/bath_icon.png\"><input hidden name=\"bedImg\" value=\"https:\/\/christinamiller.ca\/wp-content\/plugins\/centris-listings\/public\/img\/bed_icon.png\"><input hidden name=\"address\" value=\" -    \"><input hidden name=\"price_sqft\" value=\"0   |   #\"><input hidden name=\"comment\" value=\"\"><input hidden name=\"features_array[]\" value=\"Array\"><input hidden name=\"description\" value=\"\"><input hidden name=\"nb_pieces\" value=\"\"><input hidden name=\"superficie_terrain\" value=\"\"><input hidden name=\"superficie_batiment\" value=\"\"><input hidden name=\"description_anglaise\" value=\"\"><input hidden name=\"description_anglaise2\" value=\"\"><input hidden name=\"facade_batiment\" value=\"\"><input hidden name=\"superficie_habitable\" value=\"\"><input hidden name=\"inc\" value=\"\"><input hidden name=\"exc\" value=\"\"><input hidden name=\"annee_evaluation\" value=\"\"><input hidden name=\"evaluation_municipale_batiment\" value=\"\"><input hidden name=\"evaluation_municipale_terrain\" value=\"\"><input hidden name=\"total_\" value=\"0\"><input hidden name=\"energy_cost\" value=\"\"><input hidden name=\"mun_cost\" value=\"\"><input hidden name=\"school_cost\" value=\"\"><input hidden name=\"total_cost\" value=\"0\"><input hidden name=\"sqft\" value=\"sq.ft.\"><input hidden name=\"bed\" value=\"\"><input hidden name=\"bath\" value=\"\"><input hidden class=\"or_btn_icon\" type=\"submit\" value=\"PDF\"><\/form>      <!-- <input type=\"button\" id=\"btnPrint\" value=\"Print\" \/> -->\n      <script type=\"text\/javascript\" src=\"\/\/ajax.googleapis.com\/ajax\/libs\/jquery\/1.8.3\/jquery.min.js\"><\/script>\n      <!-- <script type=\"text\/javascript\" src=\"https:\/\/cdnjs.cloudflare.com\/ajax\/libs\/jspdf\/1.2.61\/jspdf.min.js\"><\/script> -->\n\n        <script type=\"text\/javascript\">var switchTo5x=true;<\/script>\n        <script type=\"text\/javascript\" src=\"\/\/w.sharethis.com\/button\/buttons.js\"><\/script>\n        <script type=\"text\/javascript\">stLight.options({publisher: \"17d7de24-5784-4bd5-abfb-b3f4db03bc7c\", doNotHash: false, doNotCopy: false, hashAddressBar: false});<\/script>\n\n        <script type=\"text\/javascript\">\n            $(function () {\n\n            $('.site-footer').hide();\n              $('.btn-print').on('click', function(e){\n                $('.or_btn_icon').trigger('click');\n                e.preventDefault();\n              });\n\n              if($('#lang_sel_list').find('.icl-fr').length == 0){\n                  $('#lang_sel_list').hide();\n                  $('.translation').show();\n\n              }\n            });\n\n            function goToByScroll(id){\n            \/\/ Reove \"link\" from the ID\n            id = id.replace(\"link\", \"\");\n            \/\/ Scroll\n            $('html,body').animate({\n            scrollTop: $(\"#\"+id).offset().top},\n            'slow');\n            }\n\n            $(\"#seethemaplink\").click(function(e) {\n            \/\/ Prevent a page reload when a link is pressed\n\n            e.preventDefault();\n            \/\/ Call the scroll function\n            goToByScroll($(this).attr(\"id\"));\n            });\n        <\/script>\n","protected":false},"excerpt":{"rendered":"","protected":false},"author":1,"featured_media":0,"parent":0,"menu_order":0,"comment_status":"closed","ping_status":"closed","template":"","meta":{"_acf_changed":false,"content-type":"","_genesis_hide_title":false,"_genesis_hide_breadcrumbs":false,"_genesis_hide_singular_image":false,"_genesis_hide_footer_widgets":false,"_genesis_custom_body_class":"","_genesis_custom_post_class":"","_genesis_layout":"","footnotes":""},"class_list":{"0":"post-1067","1":"page","2":"type-page","3":"status-publish","5":"entry"},"acf":[],"yoast_head":"<!-- This site is optimized with the Yoast SEO plugin v23.2 - https:\/\/yoast.com\/wordpress\/plugins\/seo\/ -->\n<title>View Listing French - Christina Miller<\/title>\n<meta name=\"robots\" content=\"index, follow, max-snippet:-1, max-image-preview:large, max-video-preview:-1\" \/>\n<link rel=\"canonical\" href=\"https:\/\/christinamiller.ca\/fr\/view-listing-fr\/\" \/>\n<meta property=\"og:locale\" content=\"fr_FR\" \/>\n<meta property=\"og:type\" content=\"article\" \/>\n<meta property=\"og:title\" content=\"View Listing French - Christina Miller\" \/>\n<meta property=\"og:url\" content=\"https:\/\/christinamiller.ca\/fr\/view-listing-fr\/\" \/>\n<meta property=\"og:site_name\" content=\"Christina Miller\" \/>\n<meta property=\"article:modified_time\" content=\"2016-07-04T18:09:42+00:00\" \/>\n<meta name=\"twitter:card\" content=\"summary_large_image\" \/>\n<script type=\"application\/ld+json\" class=\"yoast-schema-graph\">{\"@context\":\"https:\/\/schema.org\",\"@graph\":[{\"@type\":\"WebPage\",\"@id\":\"https:\/\/christinamiller.ca\/fr\/view-listing-fr\/\",\"url\":\"https:\/\/christinamiller.ca\/fr\/view-listing-fr\/\",\"name\":\"View Listing French - Christina Miller\",\"isPartOf\":{\"@id\":\"https:\/\/christinamiller.ca\/#website\"},\"datePublished\":\"2016-04-28T13:35:04+00:00\",\"dateModified\":\"2016-07-04T18:09:42+00:00\",\"breadcrumb\":{\"@id\":\"https:\/\/christinamiller.ca\/fr\/view-listing-fr\/#breadcrumb\"},\"inLanguage\":\"fr-FR\",\"potentialAction\":[{\"@type\":\"ReadAction\",\"target\":[\"https:\/\/christinamiller.ca\/fr\/view-listing-fr\/\"]}]},{\"@type\":\"BreadcrumbList\",\"@id\":\"https:\/\/christinamiller.ca\/fr\/view-listing-fr\/#breadcrumb\",\"itemListElement\":[{\"@type\":\"ListItem\",\"position\":1,\"name\":\"Home\",\"item\":\"https:\/\/christinamiller.ca\/fr\/\"},{\"@type\":\"ListItem\",\"position\":2,\"name\":\"View Listing French\"}]},{\"@type\":\"WebSite\",\"@id\":\"https:\/\/christinamiller.ca\/#website\",\"url\":\"https:\/\/christinamiller.ca\/\",\"name\":\"Christina Miller\",\"description\":\"Certified Real Estate Broker\",\"potentialAction\":[{\"@type\":\"SearchAction\",\"target\":{\"@type\":\"EntryPoint\",\"urlTemplate\":\"https:\/\/christinamiller.ca\/?s={search_term_string}\"},\"query-input\":\"required name=search_term_string\"}],\"inLanguage\":\"fr-FR\"}]}<\/script>\n<!-- \/ Yoast SEO plugin. -->","yoast_head_json":{"title":"View Listing French - Christina Miller","robots":{"index":"index","follow":"follow","max-snippet":"max-snippet:-1","max-image-preview":"max-image-preview:large","max-video-preview":"max-video-preview:-1"},"canonical":"https:\/\/christinamiller.ca\/fr\/view-listing-fr\/","og_locale":"fr_FR","og_type":"article","og_title":"View Listing French - Christina Miller","og_url":"https:\/\/christinamiller.ca\/fr\/view-listing-fr\/","og_site_name":"Christina Miller","article_modified_time":"2016-07-04T18:09:42+00:00","twitter_card":"summary_large_image","schema":{"@context":"https:\/\/schema.org","@graph":[{"@type":"WebPage","@id":"https:\/\/christinamiller.ca\/fr\/view-listing-fr\/","url":"https:\/\/christinamiller.ca\/fr\/view-listing-fr\/","name":"View Listing French - Christina Miller","isPartOf":{"@id":"https:\/\/christinamiller.ca\/#website"},"datePublished":"2016-04-28T13:35:04+00:00","dateModified":"2016-07-04T18:09:42+00:00","breadcrumb":{"@id":"https:\/\/christinamiller.ca\/fr\/view-listing-fr\/#breadcrumb"},"inLanguage":"fr-FR","potentialAction":[{"@type":"ReadAction","target":["https:\/\/christinamiller.ca\/fr\/view-listing-fr\/"]}]},{"@type":"BreadcrumbList","@id":"https:\/\/christinamiller.ca\/fr\/view-listing-fr\/#breadcrumb","itemListElement":[{"@type":"ListItem","position":1,"name":"Home","item":"https:\/\/christinamiller.ca\/fr\/"},{"@type":"ListItem","position":2,"name":"View Listing French"}]},{"@type":"WebSite","@id":"https:\/\/christinamiller.ca\/#website","url":"https:\/\/christinamiller.ca\/","name":"Christina Miller","description":"Certified Real Estate Broker","potentialAction":[{"@type":"SearchAction","target":{"@type":"EntryPoint","urlTemplate":"https:\/\/christinamiller.ca\/?s={search_term_string}"},"query-input":"required name=search_term_string"}],"inLanguage":"fr-FR"}]}},"_links":{"self":[{"href":"https:\/\/christinamiller.ca\/fr\/wp-json\/wp\/v2\/pages\/1067"}],"collection":[{"href":"https:\/\/christinamiller.ca\/fr\/wp-json\/wp\/v2\/pages"}],"about":[{"href":"https:\/\/christinamiller.ca\/fr\/wp-json\/wp\/v2\/types\/page"}],"author":[{"embeddable":true,"href":"https:\/\/christinamiller.ca\/fr\/wp-json\/wp\/v2\/users\/1"}],"replies":[{"embeddable":true,"href":"https:\/\/christinamiller.ca\/fr\/wp-json\/wp\/v2\/comments?post=1067"}],"version-history":[{"count":4,"href":"https:\/\/christinamiller.ca\/fr\/wp-json\/wp\/v2\/pages\/1067\/revisions"}],"predecessor-version":[{"id":1295,"href":"https:\/\/christinamiller.ca\/fr\/wp-json\/wp\/v2\/pages\/1067\/revisions\/1295"}],"wp:attachment":[{"href":"https:\/\/christinamiller.ca\/fr\/wp-json\/wp\/v2\/media?parent=1067"}],"curies":[{"name":"wp","href":"https:\/\/api.w.org\/{rel}","templated":true}]}}